{"id":6627,"date":"2024-09-04T19:29:30","date_gmt":"2024-09-04T17:29:30","guid":{"rendered":"https:\/\/actingcoach.de\/?page_id=6627"},"modified":"2024-09-05T11:42:05","modified_gmt":"2024-09-05T09:42:05","slug":"textanalyse-strukturierung","status":"publish","type":"page","link":"https:\/\/actingcoach.de\/index.php\/textanalyse-strukturierung\/","title":{"rendered":"Beste Schauspieltechniken Teil 1"},"content":{"rendered":"<section  class='av_textblock_section av-m0o04z9h-6587039bc2775351dad41b058fc8f602 '   itemscope=\"itemscope\" itemtype=\"https:\/\/schema.org\/CreativeWork\" ><div class='avia_textblock'  itemprop=\"text\" ><h1 class=\"p1\" style=\"text-align: center;\"><span style=\"color: #808080;\"><b>Beste Schauspieltechniken <\/b><\/span><\/h1>\n<p class=\"p1\" style=\"text-align: center;\"><span style=\"color: #808080;\"><b>Teil 1<\/b><\/span><\/p>\n<hr \/>\n<h2 class=\"p1\" style=\"text-align: center;\"><span style=\"color: #808080;\"><b>Die erste Lekt\u00fcre des Textes<\/b><\/span><\/h2>\n<p style=\"text-align: center;\"><span style=\"color: #808080;\">Hermann Killmeyer<\/span><\/p>\n<h3 class=\"p3\"><span style=\"color: #808080;\"><b>Kapitel: Textanalyse und Strukturierung<\/b><\/span><\/h3>\n<h4 class=\"p1\"><span style=\"color: #808080;\"><b>1. Ziel der Textanalyse<\/b><\/span><\/h4>\n<ul class=\"ul1\">\n<li class=\"li1\">\n<h5><span style=\"color: #808080;\"><b>Verst\u00e4ndnis der Handlung:<\/b><\/span><\/h5>\n<p><span style=\"color: #808080;\">Das erste Ziel der Textanalyse ist es, den Inhalt des Textes vollst\u00e4ndig zu verstehen. Dabei geht es darum, die Handlung, die Figuren und deren Beziehungen zueinander zu erfassen.<\/span><\/li>\n<li class=\"li1\">\n<h5><span style=\"color: #808080;\"><b>Erkennen von Schl\u00fcsselthemen und -motiven:<\/b><\/span><\/h5>\n<\/li>\n<li class=\"li1\"><span style=\"color: #808080;\">W\u00e4hrend der Analyse sollten zentrale Themen, Motive und Symbole identifiziert werden, die f\u00fcr die Interpretation des Textes wichtig sind.<\/span><\/li>\n<\/ul>\n<h4 class=\"p1\"><span style=\"color: #808080;\"><b>2. Strukturierung des Textes<\/b><\/span><\/h4>\n<ul class=\"ul1\">\n<li class=\"li1\">\n<h5><span style=\"color: #808080;\"><b>Aufteilung in Abschnitte:<\/b><\/span><\/h5>\n<p><span style=\"color: #808080;\">Der Text sollte in sinnvolle Abschnitte unterteilt werden, z.B. nach Szenen, Kapiteln oder Akten, um eine klare \u00dcbersicht zu erhalten.<\/span><\/li>\n<li class=\"li1\">\n<h5><span style=\"color: #808080;\"><b>Hervorheben von Haupt- und Nebenhandlungen:<\/b><\/span><\/h5>\n<\/li>\n<li class=\"li1\"><span style=\"color: #808080;\">Es ist wichtig, Haupt- und Nebenhandlungen zu unterscheiden, um die Struktur und den Fokus des Textes besser zu verstehen.<\/span><\/li>\n<li class=\"li1\">\n<h5><span style=\"color: #808080;\"><b>Analyse der Erz\u00e4hlperspektive:<\/b><\/span><\/h5>\n<\/li>\n<li class=\"li1\"><span style=\"color: #808080;\">Untersuche, aus welcher Perspektive die Geschichte erz\u00e4hlt wird (z.B. Ich-Erz\u00e4hler, allwissender Erz\u00e4hler), da dies Einfluss auf die Interpretation hat.<\/span><\/li>\n<\/ul>\n<h4 class=\"p1\"><span style=\"color: #808080;\"><b>3. Sprachliche Mittel und Stil<\/b><\/span><\/h4>\n<ul class=\"ul1\">\n<li class=\"li1\">\n<h5><span style=\"color: #808080;\"><b>Rhetorische Mittel identifizieren:<\/b><\/span><\/h5>\n<\/li>\n<li class=\"li1\"><span style=\"color: #808080;\">Achte auf Metaphern, Vergleiche, Symbole und andere rhetorische Mittel, die der Autor verwendet, um bestimmte Effekte zu erzielen.<\/span><\/li>\n<li class=\"li1\">\n<h5><span style=\"color: #808080;\"><b>Sprachliche Besonderheiten:<\/b><\/span><\/h5>\n<\/li>\n<li class=\"li1\"><span style=\"color: #808080;\">Analysiere den Stil des Autors, z.B. durch den Einsatz von Dialogen, Beschreibungen oder inneren Monologen.<\/span><\/li>\n<\/ul>\n<h4 class=\"p1\"><span style=\"color: #808080;\"><b>4. Figurenanalyse<\/b><\/span><\/h4>\n<ul class=\"ul1\">\n<li class=\"li1\">\n<h5><span style=\"color: #808080;\"><b>Charaktereigenschaften:<\/b><\/span><\/h5>\n<\/li>\n<li class=\"li1\">\n<h5><span style=\"color: #808080;\"><b><\/b>Untersuche die Eigenschaften der Figuren und wie sie sich im Verlauf des Textes entwickeln.<\/span><\/h5>\n<\/li>\n<li class=\"li1\"><span style=\"color: #808080;\"><b>Beziehungen und Konflikte:<\/b><\/span><\/li>\n<li class=\"li1\"><span style=\"color: #808080;\">Analysiere die Beziehungen zwischen den Figuren und die Konflikte, die sich daraus ergeben.<\/span><\/li>\n<li class=\"li1\"><span style=\"color: #808080;\"><b>Ziele und Motivationen:<\/b> Welche Ziele verfolgen die Figuren und welche Mittel setzen sie ein, um diese zu erreichen?<\/span><\/li>\n<\/ul>\n<p class=\"p1\"><span style=\"color: #808080;\"><b>5. Interpretationsans\u00e4tze<\/b><\/span><\/p>\n<ul class=\"ul1\">\n<li class=\"li1\"><span style=\"color: #808080;\"><b>Thematische Interpretation:<\/b> Entwickle eine Interpretation, die sich auf die zentralen Themen des Textes konzentriert.<\/span><\/li>\n<li class=\"li1\"><span style=\"color: #808080;\"><b>Psychologische Analyse:<\/b> Betrachte die psychologischen Motive der Figuren und wie diese das Verhalten beeinflussen.<\/span><\/li>\n<li class=\"li1\"><span style=\"color: #808080;\"><b>Gesellschaftliche und historische Kontextualisierung:<\/b> Setze den Text in einen gesellschaftlichen oder historischen Kontext, um tiefere Bedeutungen zu erfassen.<\/span><\/li>\n<\/ul>\n<h4 class=\"p1\"><span style=\"color: #808080;\"><b>6. Zusammenfassung und Reflexion<\/b><\/span><\/h4>\n<ul class=\"ul1\">\n<li class=\"li1\">\n<h5><span style=\"color: #808080;\"><b>Schlussfolgerungen ziehen:<\/b><\/span><\/h5>\n<p><span style=\"color: #808080;\">Was sind die Hauptaussagen des Textes? Wie tragen die analysierten Elemente zu diesen Aussagen bei?<\/span><\/li>\n<li class=\"li1\">\n<h5><span style=\"color: #808080;\"><b>Reflexion \u00fcber den Text:<\/b><\/span><\/h5>\n<\/li>\n<li class=\"li1\"><span style=\"color: #808080;\">Welche pers\u00f6nlichen Eindr\u00fccke und Gedanken hast du nach der Analyse? Wie hat sich dein Verst\u00e4ndnis durch die strukturierte Analyse vertieft?<\/span><\/li>\n<\/ul>\n<p class=\"p1\"><span style=\"color: #808080;\">Diese Struktur kann dir als Leitfaden dienen, um eine detaillierte Textanalyse durchzuf\u00fchren. Du kannst sie je nach spezifischem Text und Zielsetzung anpassen. Wenn du weitere Fragen hast oder ein bestimmtes Element n\u00e4her analysieren m\u00f6chtest, lass es mich wissen!<\/span><\/p>\n<\/div><\/section>\n<div  class='avia-button-wrap av-289dg1-4c45ed622194bcfb2e32f96e99bc1d4f-wrap avia-button-center  avia-builder-el-1  el_after_av_textblock  el_before_av_button '><a href='https:\/\/actingcoach.de\/index.php\/stanislavski-schauspieltechniken\/'  class='avia-button av-289dg1-4c45ed622194bcfb2e32f96e99bc1d4f av-link-btn avia-icon_select-yes-left-icon avia-size-small avia-position-center avia-color-theme-color'  ><span class='avia_button_icon avia_button_icon_left' aria-hidden='true' data-av_icon='\ue80a' data-av_iconfont='entypo-fontello'><\/span><span class='avia_iconbox_title' >Stanislavski System<\/span><\/a><\/div>\n<div  class='avia-button-wrap av-m0o5yxuy-1163207e97cff401c51155943886f530-wrap avia-button-center  avia-builder-el-2  el_after_av_button  el_before_av_button '><a href='https:\/\/actingcoach.de\/index.php\/method-acting\/'  class='avia-button av-m0o5yxuy-1163207e97cff401c51155943886f530 av-link-btn avia-icon_select-yes-left-icon avia-size-small avia-position-center avia-color-theme-color'  ><span class='avia_button_icon avia_button_icon_left' aria-hidden='true' data-av_icon='\ue80a' data-av_iconfont='entypo-fontello'><\/span><span class='avia_iconbox_title' >Method Acting<\/span><\/a><\/div>\n<div  class='avia-button-wrap av-m0oc3d1q-81aaf9a8d6961dfb05242ae76aa4a62e-wrap avia-button-center  avia-builder-el-3  el_after_av_button  el_before_av_hr '><a href=\"https:\/\/de.wikipedia.org\/wiki\/Konstantin_Sergejewitsch_Stanislawski\" class=\"avia-button av-m0oc3d1q-81aaf9a8d6961dfb05242ae76aa4a62e av-link-btn avia-icon_select-yes-left-icon avia-size-small avia-position-center avia-color-theme-color\" target=\"_blank\" rel=\"noopener noreferrer nofollow\"><span class='avia_button_icon avia_button_icon_left' aria-hidden='true' data-av_icon='\ue800' data-av_iconfont='entypo-fontello'><\/span><span class='avia_iconbox_title' >Stanislavski System<\/span><\/a><\/div>\n<div  class='hr av-28pvkj-9a5096f2eb0aa6777150a2e4ebb2cc1f hr-default  avia-builder-el-4  el_after_av_button  el_before_av_textblock '><span class='hr-inner '><span class=\"hr-inner-style\"><\/span><\/span><\/div>\n<section  class='av_textblock_section av-2bj99f-60deac6b5b6dcc2f2b40b4bf9d2c5e66 '   itemscope=\"itemscope\" itemtype=\"https:\/\/schema.org\/CreativeWork\" ><div class='avia_textblock'  itemprop=\"text\" ><\/div><\/section>\n\n<style type=\"text\/css\" data-created_by=\"avia_inline_auto\" id=\"style-css-av-m0nzzj24-cc62709ed8755589529ecaac574ea6d4\">\n#top .av-special-heading.av-m0nzzj24-cc62709ed8755589529ecaac574ea6d4{\npadding-bottom:10px;\n}\nbody .av-special-heading.av-m0nzzj24-cc62709ed8755589529ecaac574ea6d4 .av-special-heading-tag .heading-char{\nfont-size:25px;\n}\n.av-special-heading.av-m0nzzj24-cc62709ed8755589529ecaac574ea6d4 .av-subheading{\nfont-size:15px;\n}\n<\/style>\n<div  class='av-special-heading av-m0nzzj24-cc62709ed8755589529ecaac574ea6d4 av-special-heading-h4 blockquote modern-quote modern-centered  avia-builder-el-6  el_after_av_textblock  el_before_av_hr '><h4 class='av-special-heading-tag'  itemprop=\"headline\"  >Folge mir auf den sozialen Medien, um \u00fcber neue Workshops, exklusive Tipps und aktuelle Projekte informiert zu bleiben!<\/h4><div class=\"special-heading-border\"><div class=\"special-heading-inner-border\"><\/div><\/div><\/div>\n<div  class='hr av-ee6s3-e0992b48d1ffc35ef2691ad6ab49ca9a hr-default  avia-builder-el-7  el_after_av_heading  el_before_av_buttonrow '><span class='hr-inner '><span class=\"hr-inner-style\"><\/span><\/span><\/div>\n<div  class='avia-buttonrow-wrap av-m0nfx5pp-c50981f1773d872e92574231e07d53e4 avia-buttonrow-center  avia-builder-el-8  el_after_av_hr  el_before_av_section  avia-builder-el-last '>\n\n<style type=\"text\/css\" data-created_by=\"avia_inline_auto\" id=\"style-css-av-m0nftaep-288653a150745e173bfb062ece49cdde\">\n#top #wrap_all .avia-button.av-m0nftaep-288653a150745e173bfb062ece49cdde{\nmargin-bottom:5px;\nmargin-right:3px;\nmargin-left:3px;\n}\n<\/style>\n<a href=\"https:\/\/www.facebook.com\/actingcoachkillmeyer\/\" class=\"avia-button av-m0nftaep-288653a150745e173bfb062ece49cdde avia-icon_select-yes-left-icon avia-size-small avia-color-theme-color\" target=\"_blank\" rel=\"noopener noreferrer nofollow\"><span class='avia_button_icon avia_button_icon_left ' aria-hidden='true' data-av_icon='\ue8f5' data-av_iconfont='entypo-fontello'><\/span><span class='avia_iconbox_title' >facebook<\/span><\/a>\n\n<style type=\"text\/css\" data-created_by=\"avia_inline_auto\" id=\"style-css-av-m0nfu2bf-02eeaf5dd2e4155de925b40e1ec653e5\">\n#top #wrap_all .avia-button.av-m0nfu2bf-02eeaf5dd2e4155de925b40e1ec653e5{\nmargin-bottom:5px;\nmargin-right:3px;\nmargin-left:3px;\n}\n<\/style>\n<a href=\"https:\/\/www.instagram.com\/actingcoach.de\/\" class=\"avia-button av-m0nfu2bf-02eeaf5dd2e4155de925b40e1ec653e5 avia-icon_select-yes-left-icon avia-size-small avia-color-theme-color\" target=\"_blank\" rel=\"noopener noreferrer\"><span class='avia_button_icon avia_button_icon_left ' aria-hidden='true' data-av_icon='\uf16d' data-av_iconfont='entypo-fontello'><\/span><span class='avia_iconbox_title' >Instagram<\/span><\/a>\n\n<style type=\"text\/css\" data-created_by=\"avia_inline_auto\" id=\"style-css-av-m0nfuth1-2ca205efdda49e7846a7ba71c9fe4ac3\">\n#top #wrap_all .avia-button.av-m0nfuth1-2ca205efdda49e7846a7ba71c9fe4ac3{\nmargin-bottom:5px;\nmargin-right:3px;\nmargin-left:3px;\n}\n<\/style>\n<a href=\"https:\/\/vimeo.com\/channels\/demobandproduktion\" class=\"avia-button av-m0nfuth1-2ca205efdda49e7846a7ba71c9fe4ac3 avia-icon_select-yes-left-icon avia-size-small avia-color-theme-color\" target=\"_blank\" rel=\"noopener noreferrer nofollow\"><span class='avia_button_icon avia_button_icon_left ' aria-hidden='true' data-av_icon='\ue8ef' data-av_iconfont='entypo-fontello'><\/span><span class='avia_iconbox_title' >Vimeo<\/span><\/a>\n\n<style type=\"text\/css\" data-created_by=\"avia_inline_auto\" id=\"style-css-av-m0nfw6uz-4e33dd0391069d992b3791d0251531ac\">\n#top #wrap_all .avia-button.av-m0nfw6uz-4e33dd0391069d992b3791d0251531ac{\nmargin-bottom:5px;\nmargin-right:3px;\nmargin-left:3px;\n}\n<\/style>\n<a href=\"https:\/\/www.youtube.com\/user\/ShowreelTV\" class=\"avia-button av-m0nfw6uz-4e33dd0391069d992b3791d0251531ac avia-icon_select-yes-left-icon avia-size-small avia-color-theme-color\" target=\"_blank\" rel=\"noopener noreferrer nofollow\"><span class='avia_button_icon avia_button_icon_left ' aria-hidden='true' data-av_icon='\ue921' data-av_iconfont='entypo-fontello'><\/span><span class='avia_iconbox_title' >You Tube <\/span><\/a>\n\n<style type=\"text\/css\" data-created_by=\"avia_inline_auto\" id=\"style-css-av-m0nfx2rx-f0e8e05aab04104df82cb6c5fffec320\">\n#top #wrap_all .avia-button.av-m0nfx2rx-f0e8e05aab04104df82cb6c5fffec320{\nmargin-bottom:5px;\nmargin-right:3px;\nmargin-left:3px;\n}\n<\/style>\n<a href=\"https:\/\/twitter.com\/filmcoaching\" class=\"avia-button av-m0nfx2rx-f0e8e05aab04104df82cb6c5fffec320 avia-icon_select-yes-left-icon avia-size-small avia-color-theme-color\" target=\"_blank\" rel=\"noopener noreferrer nofollow\"><span class='avia_button_icon avia_button_icon_left ' aria-hidden='true' data-av_icon='\ue8f1' data-av_iconfont='entypo-fontello'><\/span><span class='avia_iconbox_title' >Twitter<\/span><\/a>\n<\/div>\n<\/div><\/div><\/div><!-- close content main div --><\/div><\/div>\n<style type=\"text\/css\" data-created_by=\"avia_inline_auto\" id=\"style-css-av-1ktsmw-49e44c6ced5225c49d395b84de235498\">\n.avia-section.av-1ktsmw-49e44c6ced5225c49d395b84de235498 .av-extra-border-element .av-extra-border-inner{\nbackground-color:#ffffff;\n}\n<\/style>\n<div id='av_section_1'  class='avia-section av-1ktsmw-49e44c6ced5225c49d395b84de235498 main_color avia-section-large avia-no-border-styling  avia-builder-el-9  el_after_av_buttonrow  el_before_av_hr  avia-bg-style-scroll av-arrow-down-section container_wrap sidebar_right'  ><div class='container av-section-cont-open' ><div class='template-page content  av-content-small alpha units'><div class='post-entry post-entry-type-page post-entry-6627'><div class='entry-content-wrapper clearfix'>\n\n<style type=\"text\/css\" data-created_by=\"avia_inline_auto\" id=\"style-css-av-lwyv0zqt-7f315168e1b7ce4814abf609a6feda10\">\n#top .av-special-heading.av-lwyv0zqt-7f315168e1b7ce4814abf609a6feda10{\npadding-bottom:10px;\n}\nbody .av-special-heading.av-lwyv0zqt-7f315168e1b7ce4814abf609a6feda10 .av-special-heading-tag .heading-char{\nfont-size:25px;\n}\n.av-special-heading.av-lwyv0zqt-7f315168e1b7ce4814abf609a6feda10 .av-subheading{\nfont-size:15px;\n}\n<\/style>\n<div  class='av-special-heading av-lwyv0zqt-7f315168e1b7ce4814abf609a6feda10 av-special-heading-h3 blockquote modern-quote modern-centered  avia-builder-el-10  el_before_av_hr  avia-builder-el-first '><h3 class='av-special-heading-tag'  itemprop=\"headline\"  >Sie interessieren sich f\u00fcr ein(en) Kurs \/ Angebot <\/h3><div class='av-subheading av-subheading_below'><p>oder haben allgemeine Fragen zu\u00a0actingcoach?<br \/>\nBitte nutzen Sie dieses Formular um Kontakt zu uns\u00a0 zu bekommen<\/p>\n<\/div><div class=\"special-heading-border\"><div class=\"special-heading-inner-border\"><\/div><\/div><\/div>\n<div  class='hr av-96wiw-027c6f5be1dcf917e80e00eec2bd9226 hr-default  avia-builder-el-11  el_after_av_heading  el_before_av_contact '><span class='hr-inner '><span class=\"hr-inner-style\"><\/span><\/span><\/div>\n<form action=\"https:\/\/actingcoach.de\/index.php\/textanalyse-strukturierung\/\" method=\"post\" data-fields-with-error=\"Found errors in the following field(s):\" class=\"avia_ajax_form av-form-labels-visible   avia-builder-el-12  el_after_av_hr  avia-builder-el-last   \" data-avia-form-id=\"1\" data-avia-redirect='' ><h3 class=''>Sende uns eine E-Mail<\/h3><fieldset><p class='  first_form  form_element form_fullwidth' id='element_avia_1_1'><label for=\"avia_1_1\">Name <abbr class=\"required\" title=\"ben\u00f6tigt\">*<\/abbr><\/label> <input name=\"avia_1_1\" class=\"text_input is_empty\" type=\"text\" id=\"avia_1_1\" value=\"\" \/><\/p><p class='  first_form  form_element form_fullwidth' id='element_avia_2_1'><label for=\"avia_2_1\">E-Mail <abbr class=\"required\" title=\"ben\u00f6tigt\">*<\/abbr><\/label> <input name=\"avia_2_1\" class=\"text_input is_email\" type=\"text\" id=\"avia_2_1\" value=\"\" \/><\/p><p class='  first_form  form_element form_fullwidth' id='element_avia_3_1'><label for=\"avia_3_1\">Betreff <abbr class=\"required\" title=\"ben\u00f6tigt\">*<\/abbr><\/label> <input name=\"avia_3_1\" class=\"text_input is_empty\" type=\"text\" id=\"avia_3_1\" value=\"\" \/><\/p><p class='  first_form  form_element form_fullwidth' id='element_avia_4_1'><label for=\"avia_4_1\" class=\"textare_label hidden textare_label_avia_4_1\">Nachricht <abbr class=\"required\" title=\"ben\u00f6tigt\">*<\/abbr><\/label><textarea  name=\"avia_4_1\" class=\"text_area is_empty\" cols=\"40\" rows=\"7\" id=\"avia_4_1\" ><\/textarea><\/p><p class=\"hidden\"><input type=\"text\" name=\"avia_5_1\" class=\"hidden \" id=\"avia_5_1\" value=\"\" \/><\/p><p class='   form_element form_fullwidth' id='element_avia_6_1'><span class='value_verifier_label'>2 + 6 = ?<\/span><input name=\"avia_6_1_verifier\" type=\"hidden\" id=\"avia_6_1_verifier\" value=\"577653858\"\/><label for=\"avia_6_1\">Bitte l\u00f6se die Gleichung. Diese Ma\u00dfnahme dient der Abwehr von Spam <abbr class=\"required\" title=\"ben\u00f6tigt\">*<\/abbr><\/label><input name=\"avia_6_1\" class=\"text_input captcha\" type=\"text\" id=\"avia_6_1\" value=\"\"\/><\/p><p class=\"form_element \"><input type=\"hidden\" value=\"1\" name=\"avia_generated_form1\" \/><input type=\"submit\" value=\"Senden\" class=\"button\"  data-sending-label=\"Sende\"\/><\/p><\/fieldset><\/form><div id=\"ajaxresponse_1\" class=\"ajaxresponse ajaxresponse_1 hidden\"><\/div>\n<\/div><\/div><\/div><!-- close content main div --><\/div><div class='av-extra-border-element border-extra-arrow-down'><div class='av-extra-border-outer'><div class='av-extra-border-inner'><\/div><\/div><\/div><\/div><div id='after_section_1'  class='main_color av_default_container_wrap container_wrap sidebar_right'  ><div class='container av-section-cont-open' ><div class='template-page content  av-content-small alpha units'><div class='post-entry post-entry-type-page post-entry-6627'><div class='entry-content-wrapper clearfix'>\n<div  class='hr av-227e7n-400ca2b7b2a255ec0f427af8f1201f3e hr-default  avia-builder-el-13  el_after_av_section  el_before_av_google_map  avia-builder-el-no-sibling '><span class='hr-inner '><span class=\"hr-inner-style\"><\/span><\/span><\/div>\n<div  class='av_gmaps_sc_main_wrap av_gmaps_main_wrap '><div id='av_gmap_0' class='avia-google-map-container avia-google-map-sc av_gmaps_show_unconditionally av-no-fallback-img ' data-mapid='av_gmap_0'  style='height: 400px;'><a class=\"av_gmaps_browser_disabled av_text_confirm_link av_text_confirm_link_visible\" href=\"https:\/\/www.google.com\/maps\/search\/?api=1&#038;query=Reimarusstra\u00dfe,%204%2020459%20Hamburg%20Hamburg%20Deutschland\" target=\"_blank\" rel=\"noopener nofollow\">Aufgrund deiner Datenschutz-Einstellungen k\u00f6nnen wir Ihnen die Karte nicht anzeigen. Klicken Sie hier, um die Karte in einem neuen Fenster zu \u00f6ffnen.<\/a><\/div><\/div>\n<div  class='hr av-bprcw-bdd31e100708019d1d15982418100b3f hr-default  avia-builder-el-15  el_after_av_google_map  avia-builder-el-no-sibling '><span class='hr-inner '><span class=\"hr-inner-style\"><\/span><\/span><\/div>\n","protected":false},"excerpt":{"rendered":"","protected":false},"author":1,"featured_media":5324,"parent":0,"menu_order":0,"comment_status":"closed","ping_status":"closed","template":"","meta":{"_acf_changed":false,"_price":"","_stock":"","_tribe_ticket_header":"","_tribe_default_ticket_provider":"","_tribe_ticket_capacity":"0","_ticket_start_date":"","_ticket_end_date":"","_tribe_ticket_show_description":"","_tribe_ticket_show_not_going":false,"_tribe_ticket_use_global_stock":"","_tribe_ticket_global_stock_level":"","_global_stock_mode":"","_global_stock_cap":"","_tribe_rsvp_for_event":"","_tribe_ticket_going_count":"","_tribe_ticket_not_going_count":"","_tribe_tickets_list":"[]","_tribe_ticket_has_attendee_info_fields":false,"footnotes":"","_tec_slr_enabled":"","_tec_slr_layout":""},"class_list":["post-6627","page","type-page","status-publish","has-post-thumbnail","hentry"],"acf":[],"amp_enabled":true,"ticketed":false,"_links":{"self":[{"href":"https:\/\/actingcoach.de\/index.php\/wp-json\/wp\/v2\/pages\/6627","targetHints":{"allow":["GET"]}}],"collection":[{"href":"https:\/\/actingcoach.de\/index.php\/wp-json\/wp\/v2\/pages"}],"about":[{"href":"https:\/\/actingcoach.de\/index.php\/wp-json\/wp\/v2\/types\/page"}],"author":[{"embeddable":true,"href":"https:\/\/actingcoach.de\/index.php\/wp-json\/wp\/v2\/users\/1"}],"replies":[{"embeddable":true,"href":"https:\/\/actingcoach.de\/index.php\/wp-json\/wp\/v2\/comments?post=6627"}],"version-history":[{"count":0,"href":"https:\/\/actingcoach.de\/index.php\/wp-json\/wp\/v2\/pages\/6627\/revisions"}],"wp:featuredmedia":[{"embeddable":true,"href":"https:\/\/actingcoach.de\/index.php\/wp-json\/wp\/v2\/media\/5324"}],"wp:attachment":[{"href":"https:\/\/actingcoach.de\/index.php\/wp-json\/wp\/v2\/media?parent=6627"}],"curies":[{"name":"wp","href":"https:\/\/api.w.org\/{rel}","templated":true}]}}