{"id":6609,"date":"2024-09-04T18:59:39","date_gmt":"2024-09-04T16:59:39","guid":{"rendered":"https:\/\/actingcoach.de\/?page_id=6609"},"modified":"2024-09-04T19:20:09","modified_gmt":"2024-09-04T17:20:09","slug":"stanislavski-schauspieltechniken","status":"publish","type":"page","link":"https:\/\/actingcoach.de\/index.php\/stanislavski-schauspieltechniken\/","title":{"rendered":"Stanislawski-System"},"content":{"rendered":"<div  class='hr av-4c6cs3-876f87aab42079d6c02cd81d37d367ef hr-default  avia-builder-el-0  el_before_av_heading  avia-builder-el-first '><span class='hr-inner '><span class=\"hr-inner-style\"><\/span><\/span><\/div>\n\n<style type=\"text\/css\" data-created_by=\"avia_inline_auto\" id=\"style-css-av-m0nzsvbe-11949e32583d366bf870b9c71f012bee\">\n#top .av-special-heading.av-m0nzsvbe-11949e32583d366bf870b9c71f012bee{\npadding-bottom:10px;\n}\nbody .av-special-heading.av-m0nzsvbe-11949e32583d366bf870b9c71f012bee .av-special-heading-tag .heading-char{\nfont-size:25px;\n}\n.av-special-heading.av-m0nzsvbe-11949e32583d366bf870b9c71f012bee .av-subheading{\nfont-size:15px;\n}\n<\/style>\n<div  class='av-special-heading av-m0nzsvbe-11949e32583d366bf870b9c71f012bee av-special-heading-h1 blockquote modern-quote modern-centered  avia-builder-el-1  el_after_av_hr  el_before_av_hr '><h1 class='av-special-heading-tag'  itemprop=\"headline\"  >Stanislawski-System<\/h1><div class=\"special-heading-border\"><div class=\"special-heading-inner-border\"><\/div><\/div><\/div>\n<div  class='hr av-8f4iw-0ba623eaada70022292fab8a120b5704 hr-default  avia-builder-el-2  el_after_av_heading  el_before_av_textblock '><span class='hr-inner '><span class=\"hr-inner-style\"><\/span><\/span><\/div>\n<section  class='av_textblock_section av-m0o04z9h-6587039bc2775351dad41b058fc8f602 '   itemscope=\"itemscope\" itemtype=\"https:\/\/schema.org\/CreativeWork\" ><div class='avia_textblock'  itemprop=\"text\" ><h2>Das <b>Stanislawski-System<\/b><\/h2>\n<p class=\"p1\">ist das Ergebnis der lebenslangen Arbeit von Konstantin Sergejewitsch Stanislawski als Schauspiellehrer und Regisseur. Es hat einen pr\u00e4genden Einfluss auf sp\u00e4tere Schauspielmethoden, insbesondere auf Stella Adler und Lee Strasbergs \u201eMethod Acting\u201c. Das System soll angehenden Schauspielern als eine Art Kompass dienen und ihnen helfen, authentische und glaubw\u00fcrdige Rollen darzustellen.<\/p>\n<h2 class=\"p2\"><b>Die Grundlagen des Stanislawski-Systems<\/b><\/h2>\n<p class=\"p1\">Stanislawski hinterlie\u00df eine Vielzahl unsystematischer Schriften, die nach seinem Tod zu einem umfassenden Werk zusammengefasst wurden. Diese Schriften legen den Grundstein f\u00fcr das Konzept des inneren Erlebens der Rolle, das sowohl den K\u00f6rper als auch die Seele des Schauspielers einbezieht. Der zentrale Gedanke ist, dass ein Schauspieler seine inneren Gef\u00fchle und Emotionen durch k\u00f6rperliche Ausdrucksformen wie Mimik, Gestik, Haltung und Bewegung nach au\u00dfen hin sichtbar macht.<\/p>\n<h2 class=\"p2\"><b>Das \u201eAls-ob\u201c-Prinzip<\/b><\/h2>\n<p class=\"p1\">Ein zentraler Begriff aus Stanislawskis Theatertheorie ist das <b>\u201eAls-ob\u201c<\/b> (oder \u201eWas w\u00e4re, wenn\u201c). Dieses Prinzip fordert den Schauspieler auf, sich vorzustellen, wie er sich in den Umst\u00e4nden der Figur verhalten w\u00fcrde, indem er parallele Situationen aus seinem eigenen Leben heranzieht. Dies erm\u00f6glicht es dem Schauspieler, auch nicht erlebte Szenarien glaubhaft darzustellen.<\/p>\n<h2 class=\"p2\"><b>Das \u201eIch\u201c und die \u201eRolle\u201c<\/b><\/h2>\n<p class=\"p1\">Ein fortw\u00e4hrendes Diskussionsthema in der Schauspieltheorie ist das Verh\u00e4ltnis zwischen dem <b>\u201eIch\u201c des Schauspielers<\/b> und der <b>\u201eRolle\u201c<\/b>. Am GITIS in Moskau wird aktuell die Lehrmeinung vertreten, dass das \u201eIch\u201c des Schauspielers als \u201ek\u00fcnstlerisches Ich\u201c fungiert, das sich unabh\u00e4ngig vom \u201eprivaten Ich\u201c in verschiedene Rollen hineinversetzen kann. Dieser feine Unterschied zwischen pers\u00f6nlicher Selbstdarstellung und k\u00fcnstlerischer Interpretation ist seit Jahrzehnten Gegenstand intensiver Diskussionen.<\/p>\n<h2 class=\"p2\"><b>Praktische \u00dcbungen und Requisiten<\/b><\/h2>\n<p class=\"p1\">Stanislawski legte gro\u00dfen Wert auf die praktische Arbeit mit Requisiten. Er glaubte, dass kein Theaterabend gleich verlaufen k\u00f6nne, aber mithilfe einer Requisite oder einer \u201ekleinen Aktion\u201c k\u00f6nne der Schauspieler eine Situation identisch darstellen, auch wenn das vorherrschende Gef\u00fchl an einem bestimmten Abend nicht pr\u00e4sent sei. Eine bekannte \u00dcbung aus seiner Methodik ist das Spielen mit Tennisb\u00e4llen, bei der Schauspieler die Bedeutung einer Szene nicht durch Worte, sondern durch die Art des Ballwurfs vermitteln.<\/p>\n<h2 class=\"p2\"><b>Innere und \u00e4u\u00dfere Darstellung<\/b><\/h2>\n<p class=\"p1\">Stanislawski forderte von Schauspielern, dass sie ihre Rollen nicht nur \u00e4u\u00dferlich darstellen, sondern sie auch innerlich erleben. Diese \u201eEinlebung\u201c oder psychische Identifikation mit der Figur ist der Schl\u00fcssel zu einer wahrhaftigen Darstellung. Dabei sollen die \u201eAls-ob-Situationen\u201c und das emotionale Ged\u00e4chtnis helfen, um organische Elemente der eigenen Seele mit der Rolle zu verschmelzen.<\/p>\n<h2 class=\"p2\"><b>Stanislawskis Einfluss auf Method Acting<\/b><\/h2>\n<p class=\"p1\">Der Begriff <b>\u201eemotional recall\u201c<\/b> ist eng mit dem Stanislawski-System verbunden und wurde sp\u00e4ter von Lee Strasberg in seinem Method Acting weiterentwickelt. Diese Technik zielt darauf ab, Emotionen aus der Erinnerung des Schauspielers hervorzurufen und in die Darstellung der Rolle zu integrieren, um eine glaubhafte und tief emotionale Performance zu erzielen.<\/p>\n<h3 class=\"p2\"><b>Fazit<\/b><\/h3>\n<p class=\"p1\">Das Stanislawski-System ist ein umfassendes Schauspielkonzept, das auf die Verschmelzung von innerem Erleben und \u00e4u\u00dferer Darstellung abzielt. Es hat die Theater- und Filmschauspielkunst nachhaltig gepr\u00e4gt und bildet die Grundlage f\u00fcr viele moderne Schauspieltechniken, einschlie\u00dflich des Method Acting. Stanislawskis Werk bleibt auch heute noch ein zentrales Thema in der Ausbildung von Schauspielern weltweit.<\/p>\n<p>Text: Wikipedia<\/p>\n<\/div><\/section>\n<div  class='avia-button-wrap av-289dg1-4c45ed622194bcfb2e32f96e99bc1d4f-wrap avia-button-center  avia-builder-el-4  el_after_av_textblock  el_before_av_hr '><a href='https:\/\/actingcoach.de\/index.php\/stanislavski-schauspieltechniken\/'  class='avia-button av-289dg1-4c45ed622194bcfb2e32f96e99bc1d4f av-link-btn avia-icon_select-yes-left-icon avia-size-small avia-position-center avia-color-theme-color'  ><span class='avia_button_icon avia_button_icon_left' aria-hidden='true' data-av_icon='\ue80a' data-av_iconfont='entypo-fontello'><\/span><span class='avia_iconbox_title' >Stanislavski System<\/span><\/a><\/div>\n<div  class='hr av-28pvkj-9a5096f2eb0aa6777150a2e4ebb2cc1f hr-default  avia-builder-el-5  el_after_av_button  el_before_av_textblock '><span class='hr-inner '><span class=\"hr-inner-style\"><\/span><\/span><\/div>\n<section  class='av_textblock_section av-2bj99f-60deac6b5b6dcc2f2b40b4bf9d2c5e66 '   itemscope=\"itemscope\" itemtype=\"https:\/\/schema.org\/CreativeWork\" ><div class='avia_textblock'  itemprop=\"text\" ><\/div><\/section>\n\n<style type=\"text\/css\" data-created_by=\"avia_inline_auto\" id=\"style-css-av-m0nzzj24-cc62709ed8755589529ecaac574ea6d4\">\n#top .av-special-heading.av-m0nzzj24-cc62709ed8755589529ecaac574ea6d4{\npadding-bottom:10px;\n}\nbody .av-special-heading.av-m0nzzj24-cc62709ed8755589529ecaac574ea6d4 .av-special-heading-tag .heading-char{\nfont-size:25px;\n}\n.av-special-heading.av-m0nzzj24-cc62709ed8755589529ecaac574ea6d4 .av-subheading{\nfont-size:15px;\n}\n<\/style>\n<div  class='av-special-heading av-m0nzzj24-cc62709ed8755589529ecaac574ea6d4 av-special-heading-h4 blockquote modern-quote modern-centered  avia-builder-el-7  el_after_av_textblock  el_before_av_hr '><h4 class='av-special-heading-tag'  itemprop=\"headline\"  >Folge mir auf den sozialen Medien, um \u00fcber neue Workshops, exklusive Tipps und aktuelle Projekte informiert zu bleiben!<\/h4><div class=\"special-heading-border\"><div class=\"special-heading-inner-border\"><\/div><\/div><\/div>\n<div  class='hr av-ee6s3-e0992b48d1ffc35ef2691ad6ab49ca9a hr-default  avia-builder-el-8  el_after_av_heading  el_before_av_buttonrow '><span class='hr-inner '><span class=\"hr-inner-style\"><\/span><\/span><\/div>\n<div  class='avia-buttonrow-wrap av-m0nfx5pp-c50981f1773d872e92574231e07d53e4 avia-buttonrow-center  avia-builder-el-9  el_after_av_hr  el_before_av_section  avia-builder-el-last '>\n\n<style type=\"text\/css\" data-created_by=\"avia_inline_auto\" id=\"style-css-av-m0nftaep-5fc3a1a352789d6a68899fe640996722\">\n#top #wrap_all .avia-button.av-m0nftaep-5fc3a1a352789d6a68899fe640996722{\nmargin-bottom:5px;\nmargin-right:3px;\nmargin-left:3px;\n}\n<\/style>\n<a href=\"https:\/\/www.facebook.com\/actingcoachkillmeyer\/\" class=\"avia-button av-m0nftaep-5fc3a1a352789d6a68899fe640996722 avia-icon_select-yes-left-icon avia-size-small avia-color-theme-color\" target=\"_blank\" rel=\"noopener noreferrer nofollow\"><span class='avia_button_icon avia_button_icon_left ' aria-hidden='true' data-av_icon='\ue8f5' data-av_iconfont='entypo-fontello'><\/span><span class='avia_iconbox_title' >facebook<\/span><\/a>\n\n<style type=\"text\/css\" data-created_by=\"avia_inline_auto\" id=\"style-css-av-m0nfu2bf-8da228e2c5735a0e0aa76c62744477dd\">\n#top #wrap_all .avia-button.av-m0nfu2bf-8da228e2c5735a0e0aa76c62744477dd{\nmargin-bottom:5px;\nmargin-right:3px;\nmargin-left:3px;\n}\n<\/style>\n<a href=\"https:\/\/www.instagram.com\/actingcoach.de\/\" class=\"avia-button av-m0nfu2bf-8da228e2c5735a0e0aa76c62744477dd avia-icon_select-yes-left-icon avia-size-small avia-color-theme-color\" target=\"_blank\" rel=\"noopener noreferrer\"><span class='avia_button_icon avia_button_icon_left ' aria-hidden='true' data-av_icon='\uf16d' data-av_iconfont='entypo-fontello'><\/span><span class='avia_iconbox_title' >Instagram<\/span><\/a>\n\n<style type=\"text\/css\" data-created_by=\"avia_inline_auto\" id=\"style-css-av-m0nfuth1-b3bba3bd1322de4d07dfd49fb5f89ba2\">\n#top #wrap_all .avia-button.av-m0nfuth1-b3bba3bd1322de4d07dfd49fb5f89ba2{\nmargin-bottom:5px;\nmargin-right:3px;\nmargin-left:3px;\n}\n<\/style>\n<a href=\"https:\/\/vimeo.com\/channels\/demobandproduktion\" class=\"avia-button av-m0nfuth1-b3bba3bd1322de4d07dfd49fb5f89ba2 avia-icon_select-yes-left-icon avia-size-small avia-color-theme-color\" target=\"_blank\" rel=\"noopener noreferrer nofollow\"><span class='avia_button_icon avia_button_icon_left ' aria-hidden='true' data-av_icon='\ue8ef' data-av_iconfont='entypo-fontello'><\/span><span class='avia_iconbox_title' >Vimeo<\/span><\/a>\n\n<style type=\"text\/css\" data-created_by=\"avia_inline_auto\" id=\"style-css-av-m0nfw6uz-942b262fb91b9fc6552f57dbee03741c\">\n#top #wrap_all .avia-button.av-m0nfw6uz-942b262fb91b9fc6552f57dbee03741c{\nmargin-bottom:5px;\nmargin-right:3px;\nmargin-left:3px;\n}\n<\/style>\n<a href=\"https:\/\/www.youtube.com\/user\/ShowreelTV\" class=\"avia-button av-m0nfw6uz-942b262fb91b9fc6552f57dbee03741c avia-icon_select-yes-left-icon avia-size-small avia-color-theme-color\" target=\"_blank\" rel=\"noopener noreferrer nofollow\"><span class='avia_button_icon avia_button_icon_left ' aria-hidden='true' data-av_icon='\ue921' data-av_iconfont='entypo-fontello'><\/span><span class='avia_iconbox_title' >You Tube <\/span><\/a>\n\n<style type=\"text\/css\" data-created_by=\"avia_inline_auto\" id=\"style-css-av-m0nfx2rx-e167146cfe67e1852b7724e834bd5b52\">\n#top #wrap_all .avia-button.av-m0nfx2rx-e167146cfe67e1852b7724e834bd5b52{\nmargin-bottom:5px;\nmargin-right:3px;\nmargin-left:3px;\n}\n<\/style>\n<a href=\"https:\/\/twitter.com\/filmcoaching\" class=\"avia-button av-m0nfx2rx-e167146cfe67e1852b7724e834bd5b52 avia-icon_select-yes-left-icon avia-size-small avia-color-theme-color\" target=\"_blank\" rel=\"noopener noreferrer nofollow\"><span class='avia_button_icon avia_button_icon_left ' aria-hidden='true' data-av_icon='\ue8f1' data-av_iconfont='entypo-fontello'><\/span><span class='avia_iconbox_title' >Twitter<\/span><\/a>\n<\/div>\n<\/div><\/div><\/div><!-- close content main div --><\/div><\/div>\n<style type=\"text\/css\" data-created_by=\"avia_inline_auto\" id=\"style-css-av-1ktsmw-49e44c6ced5225c49d395b84de235498\">\n.avia-section.av-1ktsmw-49e44c6ced5225c49d395b84de235498 .av-extra-border-element .av-extra-border-inner{\nbackground-color:#ffffff;\n}\n<\/style>\n<div id='av_section_1'  class='avia-section av-1ktsmw-49e44c6ced5225c49d395b84de235498 main_color avia-section-large avia-no-border-styling  avia-builder-el-10  el_after_av_buttonrow  el_before_av_hr  avia-bg-style-scroll av-arrow-down-section container_wrap sidebar_right'  ><div class='container av-section-cont-open' ><div class='template-page content  av-content-small alpha units'><div class='post-entry post-entry-type-page post-entry-6609'><div class='entry-content-wrapper clearfix'>\n\n<style type=\"text\/css\" data-created_by=\"avia_inline_auto\" id=\"style-css-av-lwyv0zqt-7f315168e1b7ce4814abf609a6feda10\">\n#top .av-special-heading.av-lwyv0zqt-7f315168e1b7ce4814abf609a6feda10{\npadding-bottom:10px;\n}\nbody .av-special-heading.av-lwyv0zqt-7f315168e1b7ce4814abf609a6feda10 .av-special-heading-tag .heading-char{\nfont-size:25px;\n}\n.av-special-heading.av-lwyv0zqt-7f315168e1b7ce4814abf609a6feda10 .av-subheading{\nfont-size:15px;\n}\n<\/style>\n<div  class='av-special-heading av-lwyv0zqt-7f315168e1b7ce4814abf609a6feda10 av-special-heading-h3 blockquote modern-quote modern-centered  avia-builder-el-11  el_before_av_hr  avia-builder-el-first '><h3 class='av-special-heading-tag'  itemprop=\"headline\"  >Sie interessieren sich f\u00fcr ein(en) Kurs \/ Angebot <\/h3><div class='av-subheading av-subheading_below'><p>oder haben allgemeine Fragen zu\u00a0actingcoach?<br \/>\nBitte nutzen Sie dieses Formular um Kontakt zu uns\u00a0 zu bekommen<\/p>\n<\/div><div class=\"special-heading-border\"><div class=\"special-heading-inner-border\"><\/div><\/div><\/div>\n<div  class='hr av-96wiw-027c6f5be1dcf917e80e00eec2bd9226 hr-default  avia-builder-el-12  el_after_av_heading  el_before_av_contact '><span class='hr-inner '><span class=\"hr-inner-style\"><\/span><\/span><\/div>\n<form action=\"https:\/\/actingcoach.de\/index.php\/stanislavski-schauspieltechniken\/\" method=\"post\" data-fields-with-error=\"Found errors in the following field(s):\" class=\"avia_ajax_form av-form-labels-visible   avia-builder-el-13  el_after_av_hr  avia-builder-el-last   \" data-avia-form-id=\"1\" data-avia-redirect='' ><h3 class=''>Sende uns eine E-Mail<\/h3><fieldset><p class='  first_form  form_element form_fullwidth' id='element_avia_1_1'><label for=\"avia_1_1\">Name <abbr class=\"required\" title=\"ben\u00f6tigt\">*<\/abbr><\/label> <input name=\"avia_1_1\" class=\"text_input is_empty\" type=\"text\" id=\"avia_1_1\" value=\"\" \/><\/p><p class='  first_form  form_element form_fullwidth' id='element_avia_2_1'><label for=\"avia_2_1\">E-Mail <abbr class=\"required\" title=\"ben\u00f6tigt\">*<\/abbr><\/label> <input name=\"avia_2_1\" class=\"text_input is_email\" type=\"text\" id=\"avia_2_1\" value=\"\" \/><\/p><p class='  first_form  form_element form_fullwidth' id='element_avia_3_1'><label for=\"avia_3_1\">Betreff <abbr class=\"required\" title=\"ben\u00f6tigt\">*<\/abbr><\/label> <input name=\"avia_3_1\" class=\"text_input is_empty\" type=\"text\" id=\"avia_3_1\" value=\"\" \/><\/p><p class='  first_form  form_element form_fullwidth' id='element_avia_4_1'><label for=\"avia_4_1\" class=\"textare_label hidden textare_label_avia_4_1\">Nachricht <abbr class=\"required\" title=\"ben\u00f6tigt\">*<\/abbr><\/label><textarea  name=\"avia_4_1\" class=\"text_area is_empty\" cols=\"40\" rows=\"7\" id=\"avia_4_1\" ><\/textarea><\/p><p class=\"hidden\"><input type=\"text\" name=\"avia_5_1\" class=\"hidden \" id=\"avia_5_1\" value=\"\" \/><\/p><p class='   form_element form_fullwidth' id='element_avia_6_1'><span class='value_verifier_label'>2 + 1 = ?<\/span><input name=\"avia_6_1_verifier\" type=\"hidden\" id=\"avia_6_1_verifier\" value=\"254232434\"\/><label for=\"avia_6_1\">Bitte l\u00f6se die Gleichung. Diese Ma\u00dfnahme dient der Abwehr von Spam <abbr class=\"required\" title=\"ben\u00f6tigt\">*<\/abbr><\/label><input name=\"avia_6_1\" class=\"text_input captcha\" type=\"text\" id=\"avia_6_1\" value=\"\"\/><\/p><p class=\"form_element \"><input type=\"hidden\" value=\"1\" name=\"avia_generated_form1\" \/><input type=\"submit\" value=\"Senden\" class=\"button\"  data-sending-label=\"Sende\"\/><\/p><\/fieldset><\/form><div id=\"ajaxresponse_1\" class=\"ajaxresponse ajaxresponse_1 hidden\"><\/div>\n<\/div><\/div><\/div><!-- close content main div --><\/div><div class='av-extra-border-element border-extra-arrow-down'><div class='av-extra-border-outer'><div class='av-extra-border-inner'><\/div><\/div><\/div><\/div><div id='after_section_1'  class='main_color av_default_container_wrap container_wrap sidebar_right'  ><div class='container av-section-cont-open' ><div class='template-page content  av-content-small alpha units'><div class='post-entry post-entry-type-page post-entry-6609'><div class='entry-content-wrapper clearfix'>\n<div  class='hr av-227e7n-400ca2b7b2a255ec0f427af8f1201f3e hr-default  avia-builder-el-14  el_after_av_section  el_before_av_google_map  avia-builder-el-no-sibling '><span class='hr-inner '><span class=\"hr-inner-style\"><\/span><\/span><\/div>\n<div  class='av_gmaps_sc_main_wrap av_gmaps_main_wrap '><div id='av_gmap_0' class='avia-google-map-container avia-google-map-sc av_gmaps_show_unconditionally av-no-fallback-img ' data-mapid='av_gmap_0'  style='height: 400px;'><a class=\"av_gmaps_browser_disabled av_text_confirm_link av_text_confirm_link_visible\" href=\"https:\/\/www.google.com\/maps\/search\/?api=1&#038;query=Reimarusstra\u00dfe,%204%2020459%20Hamburg%20Hamburg%20Deutschland\" target=\"_blank\" rel=\"noopener nofollow\">Aufgrund deiner Datenschutz-Einstellungen k\u00f6nnen wir Ihnen die Karte nicht anzeigen. Klicken Sie hier, um die Karte in einem neuen Fenster zu \u00f6ffnen.<\/a><\/div><\/div>\n<div  class='hr av-bprcw-bdd31e100708019d1d15982418100b3f hr-default  avia-builder-el-16  el_after_av_google_map  avia-builder-el-no-sibling '><span class='hr-inner '><span class=\"hr-inner-style\"><\/span><\/span><\/div>\n","protected":false},"excerpt":{"rendered":"<p>Ihr zuverl\u00e4ssiger Partner auf dem Weg zu einer erfolgreichen Karriere in der Film- und Fernsehbranche. <\/p>\n","protected":false},"author":1,"featured_media":4948,"parent":0,"menu_order":0,"comment_status":"closed","ping_status":"closed","template":"","meta":{"_acf_changed":false,"_price":"","_stock":"","_tribe_ticket_header":"","_tribe_default_ticket_provider":"","_tribe_ticket_capacity":"0","_ticket_start_date":"","_ticket_end_date":"","_tribe_ticket_show_description":"","_tribe_ticket_show_not_going":false,"_tribe_ticket_use_global_stock":"","_tribe_ticket_global_stock_level":"","_global_stock_mode":"","_global_stock_cap":"","_tribe_rsvp_for_event":"","_tribe_ticket_going_count":"","_tribe_ticket_not_going_count":"","_tribe_tickets_list":"[]","_tribe_ticket_has_attendee_info_fields":false,"footnotes":"","_tec_slr_enabled":"","_tec_slr_layout":""},"class_list":["post-6609","page","type-page","status-publish","has-post-thumbnail","hentry"],"acf":[],"amp_enabled":true,"ticketed":false,"_links":{"self":[{"href":"https:\/\/actingcoach.de\/index.php\/wp-json\/wp\/v2\/pages\/6609","targetHints":{"allow":["GET"]}}],"collection":[{"href":"https:\/\/actingcoach.de\/index.php\/wp-json\/wp\/v2\/pages"}],"about":[{"href":"https:\/\/actingcoach.de\/index.php\/wp-json\/wp\/v2\/types\/page"}],"author":[{"embeddable":true,"href":"https:\/\/actingcoach.de\/index.php\/wp-json\/wp\/v2\/users\/1"}],"replies":[{"embeddable":true,"href":"https:\/\/actingcoach.de\/index.php\/wp-json\/wp\/v2\/comments?post=6609"}],"version-history":[{"count":0,"href":"https:\/\/actingcoach.de\/index.php\/wp-json\/wp\/v2\/pages\/6609\/revisions"}],"wp:featuredmedia":[{"embeddable":true,"href":"https:\/\/actingcoach.de\/index.php\/wp-json\/wp\/v2\/media\/4948"}],"wp:attachment":[{"href":"https:\/\/actingcoach.de\/index.php\/wp-json\/wp\/v2\/media?parent=6609"}],"curies":[{"name":"wp","href":"https:\/\/api.w.org\/{rel}","templated":true}]}}