{"id":632,"date":"2024-05-02T14:27:30","date_gmt":"2024-05-02T12:27:30","guid":{"rendered":"http:\/\/test.kriesi.at\/enfold-2017\/?page_id=632"},"modified":"2026-03-23T02:44:44","modified_gmt":"2026-03-23T01:44:44","slug":"kontakt-actingcoach-studio","status":"publish","type":"page","link":"https:\/\/actingcoach.de\/index.php\/kontakt-actingcoach-studio\/","title":{"rendered":"Kontakt | Schauspielcoaching in Hamburg | actingcoach.studio"},"content":{"rendered":"\n<style type=\"text\/css\" data-created_by=\"avia_inline_auto\" id=\"style-css-av-m08dfs93-0186309a6fac50ca21d93e1501451134\">\n#top .av-special-heading.av-m08dfs93-0186309a6fac50ca21d93e1501451134{\npadding-bottom:10px;\n}\nbody .av-special-heading.av-m08dfs93-0186309a6fac50ca21d93e1501451134 .av-special-heading-tag .heading-char{\nfont-size:25px;\n}\n.av-special-heading.av-m08dfs93-0186309a6fac50ca21d93e1501451134 .av-subheading{\nfont-size:15px;\n}\n<\/style>\n<div  class='av-special-heading av-m08dfs93-0186309a6fac50ca21d93e1501451134 av-special-heading-h1 blockquote modern-quote modern-centered  avia-builder-el-0  el_before_av_hr  avia-builder-el-first '><h1 class='av-special-heading-tag'  itemprop=\"headline\"  >Kontakt |<\/h1><div class='av-subheading av-subheading_below'><p>Professionelles Schauspielcoaching in Hamburg | actingcoach.studio<\/p>\n<\/div><div class=\"special-heading-border\"><div class=\"special-heading-inner-border\"><\/div><\/div><\/div>\n<div  class='hr av-8f4iw-0ba623eaada70022292fab8a120b5704 hr-default  avia-builder-el-1  el_after_av_heading  el_before_av_textblock '><span class='hr-inner '><span class=\"hr-inner-style\"><\/span><\/span><\/div>\n<section  class='av_textblock_section av-m0kotrmq-ad25047b358c6cc6bf7a1a2f48fd9948 '   itemscope=\"itemscope\" itemtype=\"https:\/\/schema.org\/CreativeWork\" ><div class='avia_textblock'  itemprop=\"text\" ><h2 data-start=\"176\" data-end=\"678\"><strong data-start=\"176\" data-end=\"252\">actingcoach.studio \u2013 Schauspielcoaching &#038; Showreel-Produktion in Hamburg<\/strong><\/h2>\n<p data-start=\"176\" data-end=\"678\"><br data-start=\"252\" data-end=\"255\" \/>Nimm jetzt Kontakt auf und informiere dich \u00fcber <strong data-start=\"303\" data-end=\"389\">Schauspielcoaching, Camera Acting Workshops und professionelle Showreel-Produktion<\/strong>. Unser Studio befindet sich zentral in Hamburg und ist leicht erreichbar \u2013 ideal f\u00fcr Einsteiger:innen, Fortgeschrittene und Profis. Vereinbare ein pers\u00f6nliches Gespr\u00e4ch, stelle deine Fragen oder sichere dir direkt deinen Platz im n\u00e4chsten Workshop.<\/p>\n<p data-start=\"680\" data-end=\"761\">\ud83d\udccd Reimarusstra\u00dfe 4, 20459 Hamburg<br data-start=\"714\" data-end=\"717\" \/>\ud83d\udcde 040 317 917 84<br data-start=\"734\" data-end=\"737\" \/>\u2709\ufe0f <a class=\"decorated-link cursor-pointer\" rel=\"noopener\" data-start=\"740\" data-end=\"759\">info@actingcoach.de<\/a><\/p>\n<\/div><\/section>\n<div  class='avia-buttonrow-wrap av-m0nfx5pp-c50981f1773d872e92574231e07d53e4 avia-buttonrow-center  avia-builder-el-3  el_after_av_textblock  el_before_av_section  avia-builder-el-last '>\n\n<style type=\"text\/css\" data-created_by=\"avia_inline_auto\" id=\"style-css-av-m0nftaep-288653a150745e173bfb062ece49cdde\">\n#top #wrap_all .avia-button.av-m0nftaep-288653a150745e173bfb062ece49cdde{\nmargin-bottom:5px;\nmargin-right:3px;\nmargin-left:3px;\n}\n<\/style>\n<a href=\"https:\/\/www.facebook.com\/actingcoachkillmeyer\/\" class=\"avia-button av-m0nftaep-288653a150745e173bfb062ece49cdde avia-icon_select-yes-left-icon avia-size-small avia-color-theme-color\" target=\"_blank\" rel=\"noopener noreferrer nofollow\"><span class='avia_button_icon avia_button_icon_left ' aria-hidden='true' data-av_icon='\ue8f5' data-av_iconfont='entypo-fontello'><\/span><span class='avia_iconbox_title' >facebook<\/span><\/a>\n\n<style type=\"text\/css\" data-created_by=\"avia_inline_auto\" id=\"style-css-av-m0nfu2bf-02eeaf5dd2e4155de925b40e1ec653e5\">\n#top #wrap_all .avia-button.av-m0nfu2bf-02eeaf5dd2e4155de925b40e1ec653e5{\nmargin-bottom:5px;\nmargin-right:3px;\nmargin-left:3px;\n}\n<\/style>\n<a href=\"https:\/\/www.instagram.com\/actingcoach.de\/\" class=\"avia-button av-m0nfu2bf-02eeaf5dd2e4155de925b40e1ec653e5 avia-icon_select-yes-left-icon avia-size-small avia-color-theme-color\" target=\"_blank\" rel=\"noopener noreferrer\"><span class='avia_button_icon avia_button_icon_left ' aria-hidden='true' data-av_icon='\uf16d' data-av_iconfont='entypo-fontello'><\/span><span class='avia_iconbox_title' >Instagram<\/span><\/a>\n\n<style type=\"text\/css\" data-created_by=\"avia_inline_auto\" id=\"style-css-av-m0nfuth1-752b7904b22e202e0176d1b3c14f9403\">\n#top #wrap_all .avia-button.av-m0nfuth1-752b7904b22e202e0176d1b3c14f9403{\nmargin-bottom:5px;\nmargin-right:3px;\nmargin-left:3px;\n}\n<\/style>\n<a href=\"https:\/\/vimeo.com\/library\" class=\"avia-button av-m0nfuth1-752b7904b22e202e0176d1b3c14f9403 avia-icon_select-yes-left-icon avia-size-small av-icon-on-hover avia-color-theme-color\" target=\"_blank\" rel=\"noopener noreferrer nofollow\"><span class='avia_button_icon avia_button_icon_left ' aria-hidden='true' data-av_icon='\ue8ef' data-av_iconfont='entypo-fontello'><\/span><span class='avia_iconbox_title' >Vimeo<\/span><\/a>\n\n<style type=\"text\/css\" data-created_by=\"avia_inline_auto\" id=\"style-css-av-m0nfw6uz-4e33dd0391069d992b3791d0251531ac\">\n#top #wrap_all .avia-button.av-m0nfw6uz-4e33dd0391069d992b3791d0251531ac{\nmargin-bottom:5px;\nmargin-right:3px;\nmargin-left:3px;\n}\n<\/style>\n<a href=\"https:\/\/www.youtube.com\/user\/ShowreelTV\" class=\"avia-button av-m0nfw6uz-4e33dd0391069d992b3791d0251531ac avia-icon_select-yes-left-icon avia-size-small avia-color-theme-color\" target=\"_blank\" rel=\"noopener noreferrer nofollow\"><span class='avia_button_icon avia_button_icon_left ' aria-hidden='true' data-av_icon='\ue921' data-av_iconfont='entypo-fontello'><\/span><span class='avia_iconbox_title' >You Tube <\/span><\/a>\n\n<style type=\"text\/css\" data-created_by=\"avia_inline_auto\" id=\"style-css-av-m0nfx2rx-f0e8e05aab04104df82cb6c5fffec320\">\n#top #wrap_all .avia-button.av-m0nfx2rx-f0e8e05aab04104df82cb6c5fffec320{\nmargin-bottom:5px;\nmargin-right:3px;\nmargin-left:3px;\n}\n<\/style>\n<a href=\"https:\/\/twitter.com\/filmcoaching\" class=\"avia-button av-m0nfx2rx-f0e8e05aab04104df82cb6c5fffec320 avia-icon_select-yes-left-icon avia-size-small avia-color-theme-color\" target=\"_blank\" rel=\"noopener noreferrer nofollow\"><span class='avia_button_icon avia_button_icon_left ' aria-hidden='true' data-av_icon='\ue8f1' data-av_iconfont='entypo-fontello'><\/span><span class='avia_iconbox_title' >Twitter<\/span><\/a>\n<\/div>\n<\/div><\/div><\/div><!-- close content main div --><\/div><\/div>\n<style type=\"text\/css\" data-created_by=\"avia_inline_auto\" id=\"style-css-av-1ktsmw-49e44c6ced5225c49d395b84de235498\">\n.avia-section.av-1ktsmw-49e44c6ced5225c49d395b84de235498 .av-extra-border-element .av-extra-border-inner{\nbackground-color:#ffffff;\n}\n<\/style>\n<div id='av_section_1'  class='avia-section av-1ktsmw-49e44c6ced5225c49d395b84de235498 main_color avia-section-large avia-no-border-styling  avia-builder-el-4  el_after_av_buttonrow  el_before_av_google_map  avia-bg-style-scroll av-arrow-down-section container_wrap sidebar_right'  ><div class='container av-section-cont-open' ><div class='template-page content  av-content-small alpha units'><div class='post-entry post-entry-type-page post-entry-632'><div class='entry-content-wrapper clearfix'>\n\n<style type=\"text\/css\" data-created_by=\"avia_inline_auto\" id=\"style-css-av-lwyv0zqt-7f315168e1b7ce4814abf609a6feda10\">\n#top .av-special-heading.av-lwyv0zqt-7f315168e1b7ce4814abf609a6feda10{\npadding-bottom:10px;\n}\nbody .av-special-heading.av-lwyv0zqt-7f315168e1b7ce4814abf609a6feda10 .av-special-heading-tag .heading-char{\nfont-size:25px;\n}\n.av-special-heading.av-lwyv0zqt-7f315168e1b7ce4814abf609a6feda10 .av-subheading{\nfont-size:15px;\n}\n<\/style>\n<div  class='av-special-heading av-lwyv0zqt-7f315168e1b7ce4814abf609a6feda10 av-special-heading-h3 blockquote modern-quote modern-centered  avia-builder-el-5  el_before_av_hr  avia-builder-el-first '><h3 class='av-special-heading-tag'  itemprop=\"headline\"  >Sie interessieren sich f\u00fcr ein(en) Kurs \/ Angebot <\/h3><div class='av-subheading av-subheading_below'><p>oder haben allgemeine Fragen zu\u00a0actingcoach?<br \/>\nBitte nutzen Sie dieses Formular um Kontakt zu uns\u00a0 zu bekommen<\/p>\n<\/div><div class=\"special-heading-border\"><div class=\"special-heading-inner-border\"><\/div><\/div><\/div>\n<div  class='hr av-96wiw-027c6f5be1dcf917e80e00eec2bd9226 hr-default  avia-builder-el-6  el_after_av_heading  el_before_av_contact '><span class='hr-inner '><span class=\"hr-inner-style\"><\/span><\/span><\/div>\n<form action=\"https:\/\/actingcoach.de\/index.php\/kontakt-actingcoach-studio\/\" method=\"post\" data-fields-with-error=\"Found errors in the following field(s):\" class=\"avia_ajax_form av-form-labels-visible   avia-builder-el-7  el_after_av_hr  avia-builder-el-last   \" data-avia-form-id=\"1\" data-avia-redirect='' ><h3 class=''>Sende uns eine E-Mail<\/h3><fieldset><p class='  first_form  form_element form_fullwidth' id='element_avia_1_1'><label for=\"avia_1_1\">Name <abbr class=\"required\" title=\"ben\u00f6tigt\">*<\/abbr><\/label> <input name=\"avia_1_1\" class=\"text_input is_empty\" type=\"text\" id=\"avia_1_1\" value=\"\" \/><\/p><p class='  first_form  form_element form_fullwidth' id='element_avia_2_1'><label for=\"avia_2_1\">E-Mail <abbr class=\"required\" title=\"ben\u00f6tigt\">*<\/abbr><\/label> <input name=\"avia_2_1\" class=\"text_input is_email\" type=\"text\" id=\"avia_2_1\" value=\"\" \/><\/p><p class='  first_form  form_element form_fullwidth' id='element_avia_3_1'><label for=\"avia_3_1\">Betreff <abbr class=\"required\" title=\"ben\u00f6tigt\">*<\/abbr><\/label> <input name=\"avia_3_1\" class=\"text_input is_empty\" type=\"text\" id=\"avia_3_1\" value=\"\" \/><\/p><p class='  first_form  form_element form_fullwidth' id='element_avia_4_1'><label for=\"avia_4_1\" class=\"textare_label hidden textare_label_avia_4_1\">Nachricht <abbr class=\"required\" title=\"ben\u00f6tigt\">*<\/abbr><\/label><textarea  name=\"avia_4_1\" class=\"text_area is_empty\" cols=\"40\" rows=\"7\" id=\"avia_4_1\" ><\/textarea><\/p><p class=\"hidden\"><input type=\"text\" name=\"avia_5_1\" class=\"hidden \" id=\"avia_5_1\" value=\"\" \/><\/p><p class='   form_element form_fullwidth' id='element_avia_6_1'><span class='value_verifier_label'>0 + 1 = ?<\/span><input name=\"avia_6_1_verifier\" type=\"hidden\" id=\"avia_6_1_verifier\" value=\"634826186\"\/><label for=\"avia_6_1\">Bitte l\u00f6se die Gleichung. Diese Ma\u00dfnahme dient der Abwehr von Spam <abbr class=\"required\" title=\"ben\u00f6tigt\">*<\/abbr><\/label><input name=\"avia_6_1\" class=\"text_input captcha\" type=\"text\" id=\"avia_6_1\" value=\"\"\/><\/p><p class=\"form_element \"><input type=\"hidden\" value=\"1\" name=\"avia_generated_form1\" \/><input type=\"submit\" value=\"Senden\" class=\"button\"  data-sending-label=\"Sende\"\/><\/p><\/fieldset><\/form><div id=\"ajaxresponse_1\" class=\"ajaxresponse ajaxresponse_1 hidden\"><\/div>\n\n<div  class='av_gmaps_sc_main_wrap av_gmaps_main_wrap '><div id='av_gmap_0' class='avia-google-map-container avia-google-map-sc av_gmaps_show_unconditionally av-no-fallback-img ' data-mapid='av_gmap_0'  style='height: 400px;'><a class=\"av_gmaps_browser_disabled av_text_confirm_link av_text_confirm_link_visible\" href=\"https:\/\/www.google.com\/maps\/search\/?api=1&#038;query=Reimarusstra\u00dfe,%204%2020459%20Hamburg%20Hamburg%20Deutschland\" target=\"_blank\" rel=\"noopener nofollow\">Aufgrund deiner Datenschutz-Einstellungen k\u00f6nnen wir Ihnen die Karte nicht anzeigen. Klicken Sie hier, um die Karte in einem neuen Fenster zu \u00f6ffnen.<\/a><\/div><\/div>\n<div  class='hr av-bprcw-bdd31e100708019d1d15982418100b3f hr-default  avia-builder-el-9  el_after_av_google_map  avia-builder-el-no-sibling '><span class='hr-inner '><span class=\"hr-inner-style\"><\/span><\/span><\/div>\n","protected":false},"excerpt":{"rendered":"<p>Ihr zuverl\u00e4ssiger Partner auf dem Weg zu einer erfolgreichen Karriere in der Film- und Fernsehbranche. <\/p>\n","protected":false},"author":1,"featured_media":4948,"parent":0,"menu_order":0,"comment_status":"closed","ping_status":"closed","template":"","meta":{"_acf_changed":false,"_price":"","_stock":"","_tribe_ticket_header":"","_tribe_default_ticket_provider":"","_tribe_ticket_capacity":"0","_ticket_start_date":"","_ticket_end_date":"","_tribe_ticket_show_description":"","_tribe_ticket_show_not_going":false,"_tribe_ticket_use_global_stock":"","_tribe_ticket_global_stock_level":"","_global_stock_mode":"","_global_stock_cap":"","_tribe_rsvp_for_event":"","_tribe_ticket_going_count":"","_tribe_ticket_not_going_count":"","_tribe_tickets_list":"[]","_tribe_ticket_has_attendee_info_fields":false,"footnotes":"","_tec_slr_enabled":"","_tec_slr_layout":""},"class_list":["post-632","page","type-page","status-publish","has-post-thumbnail","hentry"],"acf":[],"amp_enabled":true,"ticketed":false,"_links":{"self":[{"href":"https:\/\/actingcoach.de\/index.php\/wp-json\/wp\/v2\/pages\/632","targetHints":{"allow":["GET"]}}],"collection":[{"href":"https:\/\/actingcoach.de\/index.php\/wp-json\/wp\/v2\/pages"}],"about":[{"href":"https:\/\/actingcoach.de\/index.php\/wp-json\/wp\/v2\/types\/page"}],"author":[{"embeddable":true,"href":"https:\/\/actingcoach.de\/index.php\/wp-json\/wp\/v2\/users\/1"}],"replies":[{"embeddable":true,"href":"https:\/\/actingcoach.de\/index.php\/wp-json\/wp\/v2\/comments?post=632"}],"version-history":[{"count":3,"href":"https:\/\/actingcoach.de\/index.php\/wp-json\/wp\/v2\/pages\/632\/revisions"}],"predecessor-version":[{"id":7356,"href":"https:\/\/actingcoach.de\/index.php\/wp-json\/wp\/v2\/pages\/632\/revisions\/7356"}],"wp:featuredmedia":[{"embeddable":true,"href":"https:\/\/actingcoach.de\/index.php\/wp-json\/wp\/v2\/media\/4948"}],"wp:attachment":[{"href":"https:\/\/actingcoach.de\/index.php\/wp-json\/wp\/v2\/media?parent=632"}],"curies":[{"name":"wp","href":"https:\/\/api.w.org\/{rel}","templated":true}]}}