{"id":4592,"date":"2024-06-02T10:03:41","date_gmt":"2024-06-02T08:03:41","guid":{"rendered":"https:\/\/actingcoach.de\/?page_id=4592"},"modified":"2024-09-04T21:48:50","modified_gmt":"2024-09-04T19:48:50","slug":"coaching-fuer-fuehrungskraefte","status":"publish","type":"page","link":"https:\/\/actingcoach.de\/index.php\/coaching-fuer-fuehrungskraefte\/","title":{"rendered":"Coaching f\u00fcr F\u00fchrungskr\u00e4fte"},"content":{"rendered":"\n<style type=\"text\/css\" data-created_by=\"avia_inline_auto\" id=\"style-css-av-lwtjau3z-cd5d010facca3141694a079f623bcdb1\">\n.avia-section.av-lwtjau3z-cd5d010facca3141694a079f623bcdb1{\nbackground-repeat:no-repeat;\nbackground-image:url(https:\/\/actingcoach.de\/wp-content\/uploads\/2024\/08\/DSC00689@0-300x225.jpg);\nbackground-position:0% 0%;\nbackground-attachment:scroll;\n}\n.avia-section.av-lwtjau3z-cd5d010facca3141694a079f623bcdb1 .av-extra-border-element .av-extra-border-inner{\nbackground-color:#ffffff;\n}\n<\/style>\n<div id='demos'  class='avia-section av-lwtjau3z-cd5d010facca3141694a079f623bcdb1 main_color avia-section-huge avia-no-border-styling  avia-builder-el-0  el_before_av_contact  avia-builder-el-first  avia-full-contain avia-bg-style-scroll av-arrow-down-section container_wrap sidebar_right'  data-section-bg-repeat='contain'><div class='container av-section-cont-open' ><main  role=\"main\" itemprop=\"mainContentOfPage\"  class='template-page content  av-content-small alpha units'><div class='post-entry post-entry-type-page post-entry-4592'><div class='entry-content-wrapper clearfix'>\n\n<style type=\"text\/css\" data-created_by=\"avia_inline_auto\" id=\"style-css-av-eqaqy-a016a37531d8544dea90a1e264c19f9e\">\n#top .flex_column.av-eqaqy-a016a37531d8544dea90a1e264c19f9e{\nmargin-top:0px;\nmargin-bottom:0px;\n}\n.flex_column.av-eqaqy-a016a37531d8544dea90a1e264c19f9e{\nborder-radius:0px 0px 0px 0px;\npadding:50px 50px 50px 50px;\nbackground-color:rgba(255,255,255,0.85);\n}\n.responsive #top #wrap_all .flex_column.av-eqaqy-a016a37531d8544dea90a1e264c19f9e{\nmargin-top:0px;\nmargin-bottom:0px;\n}\n<\/style>\n<div  class='flex_column av-eqaqy-a016a37531d8544dea90a1e264c19f9e av_four_fifth  avia-builder-el-1  avia-builder-el-no-sibling  first no_margin flex_column_div av-animated-generic left-to-right  '     ><p>\n<style type=\"text\/css\" data-created_by=\"avia_inline_auto\" id=\"style-css-av-lwtjbry7-32798ef8d7c18384056af6f977d694bb\">\n#top .av-special-heading.av-lwtjbry7-32798ef8d7c18384056af6f977d694bb{\npadding-bottom:20px;\ncolor:#000000;\nfont-size:40px;\n}\nbody .av-special-heading.av-lwtjbry7-32798ef8d7c18384056af6f977d694bb .av-special-heading-tag .heading-char{\nfont-size:25px;\n}\n#top #wrap_all .av-special-heading.av-lwtjbry7-32798ef8d7c18384056af6f977d694bb .av-special-heading-tag{\nfont-size:40px;\n}\n.av-special-heading.av-lwtjbry7-32798ef8d7c18384056af6f977d694bb .special-heading-inner-border{\nborder-color:#000000;\n}\n.av-special-heading.av-lwtjbry7-32798ef8d7c18384056af6f977d694bb .av-subheading{\nfont-size:15px;\n}\n\n@media only screen and (min-width: 480px) and (max-width: 767px){ \n#top #wrap_all .av-special-heading.av-lwtjbry7-32798ef8d7c18384056af6f977d694bb .av-special-heading-tag{\nfont-size:0.8em;\n}\n}\n\n@media only screen and (max-width: 479px){ \n#top #wrap_all .av-special-heading.av-lwtjbry7-32798ef8d7c18384056af6f977d694bb .av-special-heading-tag{\nfont-size:0.8em;\n}\n}\n<\/style>\n<div  class='av-special-heading av-lwtjbry7-32798ef8d7c18384056af6f977d694bb av-special-heading-h1 custom-color-heading blockquote modern-quote modern-centered  avia-builder-el-2  el_before_av_textblock  avia-builder-el-first  av-inherit-size'><h1 class='av-special-heading-tag'  itemprop=\"headline\"  >Coaching f\u00fcr Manager:innen<\/h1><div class=\"special-heading-border\"><div class=\"special-heading-inner-border\"><\/div><\/div><\/div><br \/>\n<section  class='av_textblock_section av-lyl8j2zo-9e41382ca7a30972533e184a7b5c53df '   itemscope=\"itemscope\" itemtype=\"https:\/\/schema.org\/CreativeWork\" ><div class='avia_textblock'  itemprop=\"text\" ><div class=\"flex-shrink-0 flex flex-col relative items-end\">\n<div>\n<div class=\"pt-0\">\n<div class=\"gizmo-bot-avatar flex h-8 w-8 items-center justify-center overflow-hidden rounded-full\">\n<div class=\"relative p-1 rounded-sm flex items-center justify-center bg-token-main-surface-primary text-token-text-primary h-8 w-8\"><\/div>\n<\/div>\n<\/div>\n<\/div>\n<\/div>\n<div class=\"group\/conversation-turn relative flex w-full min-w-0 flex-col agent-turn\">\n<div class=\"flex-col gap-1 md:gap-3\">\n<div class=\"flex max-w-full flex-col flex-grow\">\n<div class=\"min-h-&#091;20px&#093; text-message flex w-full flex-col items-end gap-2 break-words &#091;.text-message+&amp;&#093;:mt-5 overflow-x-auto whitespace-normal\" dir=\"auto\" data-message-author-role=\"assistant\" data-message-id=\"ec1e1cfa-511b-4cc4-9c9e-85c4ecb411a6\">\n<div class=\"flex w-full flex-col gap-1 empty:hidden first:pt-&#091;3px&#093;\">\n<div class=\"av-special-heading av-lwtjbry7-32798ef8d7c18384056af6f977d694bb av-special-heading-h1 custom-color-heading blockquote modern-quote modern-centered  avia-builder-el-2  el_before_av_textblock  avia-builder-el-first  av-inherit-size\">\n<h1 class=\"av-special-heading-tag\">Coaching f\u00fcr Manager:innen<\/h1>\n<\/div>\n<section class=\"av_textblock_section av-lyl8j2zo-9e41382ca7a30972533e184a7b5c53df \">\n<div class=\"avia_textblock\">\n<div class=\"flex-shrink-0 flex flex-col relative items-end\">\n<div>\n<div class=\"pt-0\">\n<div class=\"gizmo-bot-avatar flex h-8 w-8 items-center justify-center overflow-hidden rounded-full\">\n<div class=\"relative p-1 rounded-sm flex items-center justify-center bg-token-main-surface-primary text-token-text-primary h-8 w-8\"><\/div>\n<\/div>\n<\/div>\n<\/div>\n<\/div>\n<div class=\"group\/conversation-turn relative flex w-full min-w-0 flex-col agent-turn\">\n<div class=\"flex-col gap-1 md:gap-3\">\n<div class=\"flex max-w-full flex-col flex-grow\">\n<div class=\"min-h-&#091;20px&#093; text-message flex w-full flex-col items-end gap-2 break-words &#091;.text-message+&amp;&#093;:mt-5 overflow-x-auto whitespace-normal\" dir=\"auto\" data-message-author-role=\"assistant\" data-message-id=\"ec1e1cfa-511b-4cc4-9c9e-85c4ecb411a6\">\n<div class=\"flex w-full flex-col gap-1 empty:hidden first:pt-&#091;3px&#093;\">\n<p class=\"markdown prose w-full break-words dark:prose-invert light\">Hermann Killmeyer ist ein Experte, der Techniken aus der professionellen Schauspielausbildung einsetzt, um Menschen in verschiedenen Bereichen zu unterst\u00fctzen.<\/p>\n<p>Dazu geh\u00f6rt die Arbeit mit Stimmbildung, K\u00f6rpersprache und Pantomime.<\/p>\n<p>Diese Techniken stammen urspr\u00fcnglich aus dem Theater und Film und werden von Schauspielern genutzt, um ihre Stimme, ihren K\u00f6rper und ihre nonverbalen Kommunikationsf\u00e4higkeiten zu trainieren.<\/p>\n<h5>Stimmbildung:<\/h5>\n<p>Durch gezielte \u00dcbungen wird die Stimme trainiert, um klarer, kr\u00e4ftiger und ausdrucksst\u00e4rker zu sprechen. Dies ist besonders n\u00fctzlich f\u00fcr Menschen, die viel sprechen m\u00fcssen, wie zum Beispiel in Pr\u00e4sentationen oder bei \u00f6ffentlichen Auftritten.<\/p>\n<h5>K\u00f6rpersprache:<\/h5>\n<p class=\"markdown prose w-full break-words dark:prose-invert light\">Der bewusste Einsatz von K\u00f6rpersprache hilft, nonverbale Signale besser zu verstehen und gezielt einzusetzen. Dies umfasst Haltung, Gestik, Mimik und Bewegung, die alle eine gro\u00dfe Rolle dabei spielen, wie eine Botschaft wahrgenommen wird.<br \/>\nPantomime: Diese Technik hilft, Geschichten und Emotionen ohne Worte auszudr\u00fccken, was die F\u00e4higkeit zur nonverbalen Kommunikation st\u00e4rkt. Sie f\u00f6rdert das Bewusstsein f\u00fcr den eigenen K\u00f6rper und die F\u00e4higkeit, durch Bewegungen und Gesichtsausdr\u00fccke zu kommunizieren. Diese Techniken k\u00f6nnen in vielen Bereichen eingesetzt werden, sei es in der F\u00fchrungskr\u00e4fteentwicklung, in der Rhetorikschulung oder in der Pers\u00f6nlichkeitsentwicklung, um Menschen dabei zu helfen, ihre Ausdrucks- und Kommunikationsf\u00e4higkeiten zu verbessern. Hier sind einige wesentliche Aspekte: K\u00f6rpersprache und Pr\u00e4senz: Verbesserung der nonverbalen Kommunikation und der F\u00e4higkeit, eine starke Pr\u00e4senz zu entwickeln. Stimme und Sprache:<\/p>\n<p class=\"markdown prose w-full break-words dark:prose-invert light\">Arbeit an der Stimme, Artikulation und Sprachmodulation, um klarer und \u00fcberzeugender zu sprechen Emotionsmanagement: Erlernen, wie man Emotionen bewusst einsetzt und kontrolliert, um authentisch und \u00fcberzeugend aufzutreten. Storytelling: Entwicklung von F\u00e4higkeiten im Erz\u00e4hlen von Geschichten, um Botschaften klar und einpr\u00e4gsam zu vermitteln. Rollenflexibilit\u00e4t: F\u00e4higkeit, verschiedene \u201eRollen\u201c in verschiedenen beruflichen Situationen \u00fcberzeugend zu spielen. Improvisation: F\u00f6rderung der F\u00e4higkeit, spontan und flexibel auf unerwartete Situationen zu reagieren. Selbstbewusstsein: Aufbau von Selbstvertrauen und \u00dcberwindung von Lampenfieber durch gezielte \u00dcbungen.<\/p>\n<p>Online Coachingwobei ich die gleichen Techniken aus der professionellen Schauspielausbildung nutze um Menschen virtuell zu unterst\u00fctzen.<\/p>\n<p>Beim Online-Coaching setze ich gezielt auf Stimmbildung, K\u00f6rpersprache und Pantomime, um meinen Klienten dabei zu helfen, ihre Kommunikationsf\u00e4higkeiten zu verbessern \u2013 auch \u00fcber digitale Plattformen. Vorteile des Online-Coachings:<\/p>\n<p>Flexibilit\u00e4t: Teilnehmer k\u00f6nnen von \u00fcberall aus an den Sitzungen teilnehmen, was es einfacher macht, Coaching in den Alltag zu integrieren.<\/p>\n<p>Individualit\u00e4t: Die Techniken werden auf die spezifischen Bed\u00fcrfnisse des Einzelnen zugeschnitten, sodass auch online eine pers\u00f6nliche und intensive Betreuung m\u00f6glich ist.<\/p>\n<p>Effektivit\u00e4t: Trotz der digitalen Distanz k\u00f6nnen die \u00dcbungen zur Stimmbildung, K\u00f6rpersprache und Pantomime effektiv vermittelt und ge\u00fcbt werden. Videoanalysen und Feedbackschleifen machen es m\u00f6glich, Fortschritte in Echtzeit zu beobachten und anzupassen.<\/p>\n<p>Diese Form des Coachings ist besonders n\u00fctzlich f\u00fcr Menschen, die in virtuellen Umgebungen arbeiten oder auftreten m\u00fcssen, wie z.B. bei Videokonferenzen, Webinaren oder Online-Pr\u00e4sentationen. Hermann Killmeyer hilft seinen Klienten, sich auch in digitalen R\u00e4umen authentisch und \u00fcberzeugend zu pr\u00e4sentieren.<\/p>\n<\/div>\n<\/div>\n<\/div>\n<\/div>\n<\/div>\n<\/div>\n<\/section>\n<\/div>\n<\/div>\n<\/div>\n<\/div>\n<\/div>\n<\/div><\/section><br \/>\n\n<style type=\"text\/css\" data-created_by=\"avia_inline_auto\" id=\"style-css-av-8gchm-010c87c710549ea98661763fede6f360\">\n#top .hr.av-8gchm-010c87c710549ea98661763fede6f360{\nmargin-top:30px;\nmargin-bottom:30px;\n}\n.hr.av-8gchm-010c87c710549ea98661763fede6f360 .hr-inner{\nwidth:50px;\nborder-color:#000000;\n}\n<\/style>\n<div  class='hr av-8gchm-010c87c710549ea98661763fede6f360 hr-custom  avia-builder-el-4  el_after_av_textblock  el_before_av_button  hr-left hr-icon-no'><span class='hr-inner inner-border-av-border-fat'><span class=\"hr-inner-style\"><\/span><\/span><\/div><br \/>\n<div  class='avia-button-wrap av-m0e0h2x2-aeea328934c1c61a50515a9930e48907-wrap avia_animated_button av-animated-when-visible-95 fade-in avia-button-center  avia-builder-el-5  el_after_av_hr  avia-builder-el-last '><a href='https:\/\/actingcoach.de\/index.php\/wer-ist-hermann-killmeyer\/'  class='avia-button av-m0e0h2x2-aeea328934c1c61a50515a9930e48907 av-link-btn avia-icon_select-yes-left-icon avia-size-small avia-position-center avia-color-orange'  ><span class='avia_button_icon avia_button_icon_left' aria-hidden='true' data-av_icon='\ue800' data-av_iconfont='entypo-fontello'><\/span><span class='avia_iconbox_title' >Wer ist Hermann Killmeyer<\/span><\/a><\/div><\/p><\/div><\/div><\/div><\/main><!-- close content main element --><\/div><div class='av-extra-border-element border-extra-arrow-down'><div class='av-extra-border-outer'><div class='av-extra-border-inner'><\/div><\/div><\/div><\/div><div id='after_section_1'  class='main_color av_default_container_wrap container_wrap sidebar_right'  ><div class='container av-section-cont-open' ><div class='template-page content  av-content-small alpha units'><div class='post-entry post-entry-type-page post-entry-4592'><div class='entry-content-wrapper clearfix'><form action=\"https:\/\/actingcoach.de\/index.php\/coaching-fuer-fuehrungskraefte\/\" method=\"post\" data-fields-with-error=\"Found errors in the following field(s):\" class=\"avia_ajax_form av-form-labels-visible   avia-builder-el-6  el_after_av_section  avia-builder-el-no-sibling   \" data-avia-form-id=\"1\" data-avia-redirect='' ><h3 class=''>Vereinbaren Sie jetzt ein Kennenlernen. Auch per Zoom<\/h3><fieldset><p class='  first_form  form_element form_fullwidth' id='element_avia_1_1'><label for=\"avia_1_1\">Name <abbr class=\"required\" title=\"ben\u00f6tigt\">*<\/abbr><\/label> <input name=\"avia_1_1\" class=\"text_input is_empty\" type=\"text\" id=\"avia_1_1\" value=\"\" \/><\/p><p class='  first_form  form_element form_fullwidth' id='element_avia_2_1'><label for=\"avia_2_1\">E-Mail <abbr class=\"required\" title=\"ben\u00f6tigt\">*<\/abbr><\/label> <input name=\"avia_2_1\" class=\"text_input is_email\" type=\"text\" id=\"avia_2_1\" value=\"\" \/><\/p><p class='  first_form  form_element form_fullwidth' id='element_avia_3_1'><label for=\"avia_3_1\">Betreff <abbr class=\"required\" title=\"ben\u00f6tigt\">*<\/abbr><\/label> <input name=\"avia_3_1\" class=\"text_input is_empty\" type=\"text\" id=\"avia_3_1\" value=\"\" \/><\/p><p class='  first_form  form_element form_fullwidth' id='element_avia_4_1'><label for=\"avia_4_1\" class=\"textare_label hidden textare_label_avia_4_1\">Nachricht <abbr class=\"required\" title=\"ben\u00f6tigt\">*<\/abbr><\/label><textarea  name=\"avia_4_1\" class=\"text_area is_empty\" cols=\"40\" rows=\"7\" id=\"avia_4_1\" ><\/textarea><\/p><p class=\"hidden\"><input type=\"text\" name=\"avia_5_1\" class=\"hidden \" id=\"avia_5_1\" value=\"\" \/><\/p><p class='   form_element form_fullwidth' id='element_avia_6_1'><span class='value_verifier_label'>1 + 3 = ?<\/span><input name=\"avia_6_1_verifier\" type=\"hidden\" id=\"avia_6_1_verifier\" value=\"444447633\"\/><label for=\"avia_6_1\">Bitte l\u00f6se die Gleichung. Diese Ma\u00dfnahme dient der Abwehr von Spam <abbr class=\"required\" title=\"ben\u00f6tigt\">*<\/abbr><\/label><input name=\"avia_6_1\" class=\"text_input captcha\" type=\"text\" id=\"avia_6_1\" value=\"\"\/><\/p><p class=\"form_element \"><input type=\"hidden\" value=\"1\" name=\"avia_generated_form1\" \/><input type=\"submit\" value=\"Senden\" class=\"button\"  data-sending-label=\"Sende\"\/><\/p><\/fieldset><\/form><div id=\"ajaxresponse_1\" class=\"ajaxresponse ajaxresponse_1 hidden\"><\/div><\/p>\n","protected":false},"excerpt":{"rendered":"<p>Hermann Killmeyer ist ein Experte, der Techniken aus der professionellen Schauspielausbildung einsetzt, um Menschen in verschiedenen Bereichen zu unterst\u00fctzen. Dazu geh\u00f6rt die Arbeit mit Stimmbildung, K\u00f6rpersprache und Pantomime. Diese Techniken stammen urspr\u00fcnglich aus dem Theater und Film und werden von Schauspielern genutzt, um ihre Stimme, ihren K\u00f6rper und ihre nonverbalen Kommunikationsf\u00e4higkeiten zu trainieren.<\/p>\n<p>Stimmbildung: Durch gezielte \u00dcbungen wird die Stimme trainiert, um klarer, kr\u00e4ftiger und ausdrucksst\u00e4rker zu sprechen. Dies ist besonders n\u00fctzlich f\u00fcr Menschen, die viel sprechen m\u00fcssen, wie zum Beispiel in Pr\u00e4sentationen oder bei \u00f6ffentlichen Auftritten.<\/p>\n<p>K\u00f6rpersprache: Der bewusste Einsatz von K\u00f6rpersprache hilft, nonverbale Signale besser zu verstehen und gezielt einzusetzen. Dies umfasst Haltung, Gestik, Mimik und Bewegung, die alle eine gro\u00dfe Rolle dabei spielen, wie eine Botschaft wahrgenommen wird.<\/p>\n<p>Pantomime: Diese Technik hilft, Geschichten und Emotionen ohne Worte auszudr\u00fccken, was die F\u00e4higkeit zur nonverbalen Kommunikation st\u00e4rkt. Sie f\u00f6rdert das Bewusstsein f\u00fcr den eigenen K\u00f6rper und die F\u00e4higkeit, durch Bewegungen und Gesichtsausdr\u00fccke zu kommunizieren.<\/p>\n<p>Diese Techniken k\u00f6nnen in vielen Bereichen eingesetzt werden, sei es in der F\u00fchrungskr\u00e4fteentwicklung, in der Rhetorikschulung oder in der Pers\u00f6nlichkeitsentwicklung, um Menschen dabei zu helfen, ihre Ausdrucks- und Kommunikationsf\u00e4higkeiten zu verbessern.<\/p>\n","protected":false},"author":1,"featured_media":5324,"parent":0,"menu_order":0,"comment_status":"closed","ping_status":"closed","template":"","meta":{"_acf_changed":false,"_price":"","_stock":"","_tribe_ticket_header":"","_tribe_default_ticket_provider":"","_tribe_ticket_capacity":"0","_ticket_start_date":"","_ticket_end_date":"","_tribe_ticket_show_description":"","_tribe_ticket_show_not_going":false,"_tribe_ticket_use_global_stock":"","_tribe_ticket_global_stock_level":"","_global_stock_mode":"","_global_stock_cap":"","_tribe_rsvp_for_event":"","_tribe_ticket_going_count":"","_tribe_ticket_not_going_count":"","_tribe_tickets_list":"[]","_tribe_ticket_has_attendee_info_fields":false,"footnotes":"","_tec_slr_enabled":"","_tec_slr_layout":""},"class_list":["post-4592","page","type-page","status-publish","has-post-thumbnail","hentry"],"acf":[],"amp_enabled":true,"ticketed":false,"_links":{"self":[{"href":"https:\/\/actingcoach.de\/index.php\/wp-json\/wp\/v2\/pages\/4592","targetHints":{"allow":["GET"]}}],"collection":[{"href":"https:\/\/actingcoach.de\/index.php\/wp-json\/wp\/v2\/pages"}],"about":[{"href":"https:\/\/actingcoach.de\/index.php\/wp-json\/wp\/v2\/types\/page"}],"author":[{"embeddable":true,"href":"https:\/\/actingcoach.de\/index.php\/wp-json\/wp\/v2\/users\/1"}],"replies":[{"embeddable":true,"href":"https:\/\/actingcoach.de\/index.php\/wp-json\/wp\/v2\/comments?post=4592"}],"version-history":[{"count":0,"href":"https:\/\/actingcoach.de\/index.php\/wp-json\/wp\/v2\/pages\/4592\/revisions"}],"wp:featuredmedia":[{"embeddable":true,"href":"https:\/\/actingcoach.de\/index.php\/wp-json\/wp\/v2\/media\/5324"}],"wp:attachment":[{"href":"https:\/\/actingcoach.de\/index.php\/wp-json\/wp\/v2\/media?parent=4592"}],"curies":[{"name":"wp","href":"https:\/\/api.w.org\/{rel}","templated":true}]}}