{"id":3765,"date":"2024-05-22T22:45:28","date_gmt":"2024-05-22T20:45:28","guid":{"rendered":"https:\/\/new.actingcoach.de\/?page_id=3765"},"modified":"2026-03-23T22:47:21","modified_gmt":"2026-03-23T21:47:21","slug":"schauspielerfuehrung-fuer-regiseurinnen","status":"publish","type":"page","link":"https:\/\/actingcoach.de\/index.php\/schauspielerfuehrung-fuer-regiseurinnen\/","title":{"rendered":"Coaching f\u00fcr Regisseur:innen \u2013 Schauspielerf\u00fchrung &#038; kreative Umsetzung"},"content":{"rendered":"\n<style type=\"text\/css\" data-created_by=\"avia_inline_auto\" id=\"style-css-av-5b2xsl-c4ad2c702243723a8b298d545a1a3a0c\">\n.avia-section.av-5b2xsl-c4ad2c702243723a8b298d545a1a3a0c{\nbackground-repeat:no-repeat;\nbackground-image:url(https:\/\/actingcoach.de\/wp-content\/uploads\/2024\/07\/DSC_6674-300x200.jpeg);\nbackground-position:0% 0%;\nbackground-attachment:scroll;\n}\n.avia-section.av-5b2xsl-c4ad2c702243723a8b298d545a1a3a0c .av-extra-border-element .av-extra-border-inner{\nbackground-color:#ffffff;\n}\n<\/style>\n<div id='demos'  class='avia-section av-5b2xsl-c4ad2c702243723a8b298d545a1a3a0c main_color avia-section-huge avia-no-border-styling  avia-builder-el-0  el_before_av_heading  avia-builder-el-first  avia-full-contain avia-bg-style-scroll av-arrow-down-section container_wrap sidebar_right'  data-section-bg-repeat='contain'><div class='container av-section-cont-open' ><main  role=\"main\" itemprop=\"mainContentOfPage\"  class='template-page content  av-content-small alpha units'><div class='post-entry post-entry-type-page post-entry-3765'><div class='entry-content-wrapper clearfix'>\n\n<style type=\"text\/css\" data-created_by=\"avia_inline_auto\" id=\"style-css-av-40tzit-9eed95c23c5d1984184aa3720e51fa0a\">\n#top .flex_column.av-40tzit-9eed95c23c5d1984184aa3720e51fa0a{\nmargin-top:0px;\nmargin-bottom:0px;\n}\n.flex_column.av-40tzit-9eed95c23c5d1984184aa3720e51fa0a{\nborder-radius:0px 0px 0px 0px;\npadding:50px 50px 50px 50px;\nbackground-color:rgba(255,255,255,0.85);\n}\n.responsive #top #wrap_all .flex_column.av-40tzit-9eed95c23c5d1984184aa3720e51fa0a{\nmargin-top:0px;\nmargin-bottom:0px;\n}\n<\/style>\n<div  class='flex_column av-40tzit-9eed95c23c5d1984184aa3720e51fa0a av_three_fourth  avia-builder-el-1  el_before_av_textblock  avia-builder-el-first  first no_margin flex_column_div av-animated-generic left-to-right  '     ><p>\n<style type=\"text\/css\" data-created_by=\"avia_inline_auto\" id=\"style-css-av-lwtjfios-e64bd2bd8685a981500e87f997e45f2b\">\n#top .av-special-heading.av-lwtjfios-e64bd2bd8685a981500e87f997e45f2b{\npadding-bottom:20px;\ncolor:#000000;\nfont-size:40px;\n}\nbody .av-special-heading.av-lwtjfios-e64bd2bd8685a981500e87f997e45f2b .av-special-heading-tag .heading-char{\nfont-size:25px;\n}\n#top #wrap_all .av-special-heading.av-lwtjfios-e64bd2bd8685a981500e87f997e45f2b .av-special-heading-tag{\nfont-size:40px;\n}\n.av-special-heading.av-lwtjfios-e64bd2bd8685a981500e87f997e45f2b .special-heading-inner-border{\nborder-color:#000000;\n}\n.av-special-heading.av-lwtjfios-e64bd2bd8685a981500e87f997e45f2b .av-subheading{\nfont-size:15px;\n}\n\n@media only screen and (min-width: 480px) and (max-width: 767px){ \n#top #wrap_all .av-special-heading.av-lwtjfios-e64bd2bd8685a981500e87f997e45f2b .av-special-heading-tag{\nfont-size:0.8em;\n}\n}\n\n@media only screen and (max-width: 479px){ \n#top #wrap_all .av-special-heading.av-lwtjfios-e64bd2bd8685a981500e87f997e45f2b .av-special-heading-tag{\nfont-size:0.8em;\n}\n}\n<\/style>\n<div  class='av-special-heading av-lwtjfios-e64bd2bd8685a981500e87f997e45f2b av-special-heading-h1 custom-color-heading blockquote modern-quote modern-centered  avia-builder-el-2  el_before_av_hr  avia-builder-el-first  av-inherit-size'><h1 class='av-special-heading-tag'  itemprop=\"headline\"  >Coaching f\u00fcr Regisseur:innen \u2013 Schauspielerf\u00fchrung <span class='special_amp'>&amp;<\/span> kreative Umsetzung<\/h1><div class=\"special-heading-border\"><div class=\"special-heading-inner-border\"><\/div><\/div><\/div><br \/>\n\n<style type=\"text\/css\" data-created_by=\"avia_inline_auto\" id=\"style-css-av-39bbxx-77a30fa68232d8dd538a3306b62d5bff\">\n#top .hr.av-39bbxx-77a30fa68232d8dd538a3306b62d5bff{\nmargin-top:30px;\nmargin-bottom:30px;\n}\n.hr.av-39bbxx-77a30fa68232d8dd538a3306b62d5bff .hr-inner{\nwidth:50px;\nborder-color:#000000;\n}\n<\/style>\n<div  class='hr av-39bbxx-77a30fa68232d8dd538a3306b62d5bff hr-custom  avia-builder-el-3  el_after_av_heading  el_before_av_textblock  hr-left hr-icon-no'><span class='hr-inner inner-border-av-border-fat'><span class=\"hr-inner-style\"><\/span><\/span><\/div><br \/>\n<section  class='av_textblock_section av-lwtjgadp-b06b3ceb8225810239b2b05dd6dfbd69 '   itemscope=\"itemscope\" itemtype=\"https:\/\/schema.org\/CreativeWork\" ><div class='avia_textblock'  itemprop=\"text\" ><div class=\"slide-entry-excerpt entry-content\"><\/div>\n<p data-start=\"347\" data-end=\"674\"><strong data-start=\"347\" data-end=\"387\">Ihre Vision verdient klare Umsetzung<\/strong><br data-start=\"387\" data-end=\"390\" \/>Mein Coaching unterst\u00fctzt Regisseur:innen dabei, Schauspieler effektiv zu f\u00fchren und ihre kreative Vision bestm\u00f6glich umzusetzen. Ich vermittle die Grundlagen und Besonderheiten der Schauspielerf\u00fchrung sowie das Verst\u00e4ndnis f\u00fcr die k\u00fcnstlerische Einzigartigkeit jedes Schauspielers.<\/p>\n<p data-start=\"676\" data-end=\"715\"><strong data-start=\"676\" data-end=\"713\">Mein Angebot f\u00fcr Regisseur:innen:<\/strong><\/p>\n<p data-start=\"717\" data-end=\"757\"><strong data-start=\"717\" data-end=\"755\">1. Drehbuchanalyse &#038; Figurenarbeit<\/strong><\/p>\n<ul data-start=\"758\" data-end=\"961\">\n<li data-section-id=\"z52fhi\" data-start=\"758\" data-end=\"831\">Detaillierte Beratung bei der Erforschung und Entwicklung von Figuren<\/li>\n<li data-section-id=\"1k5af67\" data-start=\"832\" data-end=\"894\">Tieferes Verst\u00e4ndnis f\u00fcr Charaktere und deren Motivationen<\/li>\n<li data-section-id=\"stofm5\" data-start=\"895\" data-end=\"961\">Klare Definition der Rollen, um Schauspieler gezielt zu f\u00fchren<\/li>\n<\/ul>\n<p data-start=\"963\" data-end=\"991\"><strong data-start=\"963\" data-end=\"989\">2. Schauspielerf\u00fchrung<\/strong><\/p>\n<ul data-start=\"992\" data-end=\"1161\">\n<li data-section-id=\"16xhwcg\" data-start=\"992\" data-end=\"1038\">Effektive Kommunikation und F\u00fchrung am Set<\/li>\n<li data-section-id=\"zgzez5\" data-start=\"1039\" data-end=\"1097\">Stressfreie Trainingsumgebung zum \u00dcben neuer Techniken<\/li>\n<li data-section-id=\"gls5uz\" data-start=\"1098\" data-end=\"1161\">Methoden, um das Beste aus Schauspieler:innen herauszuholen<\/li>\n<\/ul>\n<p data-start=\"1163\" data-end=\"1187\"><strong data-start=\"1163\" data-end=\"1185\">3. Coaching am Set<\/strong><\/p>\n<ul data-start=\"1188\" data-end=\"1368\">\n<li data-section-id=\"rb2jod\" data-start=\"1188\" data-end=\"1241\">Praktische Unterst\u00fctzung w\u00e4hrend der Dreharbeiten<\/li>\n<li data-section-id=\"130q1xv\" data-start=\"1242\" data-end=\"1291\">Beratung in allen schauspielerischen Belangen<\/li>\n<li data-section-id=\"12j057e\" data-start=\"1292\" data-end=\"1368\">Sicherstellung, dass die k\u00fcnstlerische Vision erfolgreich umgesetzt wird<\/li>\n<\/ul>\n<p data-start=\"1370\" data-end=\"1387\"><strong data-start=\"1370\" data-end=\"1385\">Ihr Nutzen:<\/strong><\/p>\n<ul data-start=\"1388\" data-end=\"1588\">\n<li data-section-id=\"okb4o2\" data-start=\"1388\" data-end=\"1449\">Werkzeuge und Techniken f\u00fcr souver\u00e4ne Schauspielerf\u00fchrung<\/li>\n<li data-section-id=\"a4z0kc\" data-start=\"1450\" data-end=\"1527\">Optimierte Zusammenarbeit zwischen Regisseur:innen und Schauspieler:innen<\/li>\n<li data-section-id=\"6ivyyj\" data-start=\"1528\" data-end=\"1588\">Mehr Selbstvertrauen in der Umsetzung kreativer Visionen<\/li>\n<\/ul>\n<p data-start=\"1590\" data-end=\"1687\"><strong data-start=\"1590\" data-end=\"1657\">Bereit, Ihr Team und Ihre Vision aufs n\u00e4chste Level zu bringen?<\/strong><br data-start=\"1657\" data-end=\"1660\" \/><a href=\"https:\/\/actingcoach.de\/index.php\/kontakt-actingcoach-studio\/\">[Jetzt Kontakt aufnehmen]<\/a><\/p>\n<\/div><\/section><\/p><\/div><section  class='av_textblock_section av-m0o9yg2x-ac35c504b75d8ef48d0e7367c3590afa '   itemscope=\"itemscope\" itemtype=\"https:\/\/schema.org\/CreativeWork\" ><div class='avia_textblock'  itemprop=\"text\" ><\/div><\/section>\n<\/div><\/div><\/main><!-- close content main element --><\/div><div class='av-extra-border-element border-extra-arrow-down'><div class='av-extra-border-outer'><div class='av-extra-border-inner'><\/div><\/div><\/div><\/div><div id='after_section_1'  class='main_color av_default_container_wrap container_wrap sidebar_right'  ><div class='container av-section-cont-open' ><div class='template-page content  av-content-small alpha units'><div class='post-entry post-entry-type-page post-entry-3765'><div class='entry-content-wrapper clearfix'>\n<style type=\"text\/css\" data-created_by=\"avia_inline_auto\" id=\"style-css-av-lx7g7z8q-f6cf4988f7dc7a07de28b0a55e88b5a6\">\n#top .av-special-heading.av-lx7g7z8q-f6cf4988f7dc7a07de28b0a55e88b5a6{\npadding-bottom:10px;\n}\nbody .av-special-heading.av-lx7g7z8q-f6cf4988f7dc7a07de28b0a55e88b5a6 .av-special-heading-tag .heading-char{\nfont-size:25px;\n}\n.av-special-heading.av-lx7g7z8q-f6cf4988f7dc7a07de28b0a55e88b5a6 .av-subheading{\nfont-size:15px;\n}\n<\/style>\n<div  class='av-special-heading av-lx7g7z8q-f6cf4988f7dc7a07de28b0a55e88b5a6 av-special-heading-h3 blockquote modern-quote modern-right  avia-builder-el-6  el_after_av_section  avia-builder-el-no-sibling  av-linked-heading'><h3 class='av-special-heading-tag'  itemprop=\"headline\"  ><a class=\"av-heading-link\" href=\"https:\/\/actingcoach.de\/index.php\/setcoaching-fuer-filmproduktionen\/\" target=\"_blank\"  rel=\"noopener noreferrer\" >Als erfahrener Schauspieler und Coach kenne ich beide Seiten und kann nach \u00fcber 30 j\u00e4hriger Seterfahrung in allen Situationen  hilfreich vermitteln.<\/a><\/h3><div class='av-subheading av-subheading_below'><p>Set Coaching seit 1997<\/p>\n<\/div><div class=\"special-heading-border\"><div class=\"special-heading-inner-border\"><\/div><\/div><\/div><\/p>\n","protected":false},"excerpt":{"rendered":"","protected":false},"author":1,"featured_media":0,"parent":0,"menu_order":0,"comment_status":"closed","ping_status":"closed","template":"","meta":{"_acf_changed":false,"_price":"","_stock":"","_tribe_ticket_header":"","_tribe_default_ticket_provider":"","_tribe_ticket_capacity":"0","_ticket_start_date":"","_ticket_end_date":"","_tribe_ticket_show_description":"","_tribe_ticket_show_not_going":false,"_tribe_ticket_use_global_stock":"","_tribe_ticket_global_stock_level":"","_global_stock_mode":"","_global_stock_cap":"","_tribe_rsvp_for_event":"","_tribe_ticket_going_count":"","_tribe_ticket_not_going_count":"","_tribe_tickets_list":"[]","_tribe_ticket_has_attendee_info_fields":false,"footnotes":"","_tec_slr_enabled":"","_tec_slr_layout":""},"class_list":["post-3765","page","type-page","status-publish","hentry"],"acf":[],"amp_enabled":true,"ticketed":false,"_links":{"self":[{"href":"https:\/\/actingcoach.de\/index.php\/wp-json\/wp\/v2\/pages\/3765","targetHints":{"allow":["GET"]}}],"collection":[{"href":"https:\/\/actingcoach.de\/index.php\/wp-json\/wp\/v2\/pages"}],"about":[{"href":"https:\/\/actingcoach.de\/index.php\/wp-json\/wp\/v2\/types\/page"}],"author":[{"embeddable":true,"href":"https:\/\/actingcoach.de\/index.php\/wp-json\/wp\/v2\/users\/1"}],"replies":[{"embeddable":true,"href":"https:\/\/actingcoach.de\/index.php\/wp-json\/wp\/v2\/comments?post=3765"}],"version-history":[{"count":4,"href":"https:\/\/actingcoach.de\/index.php\/wp-json\/wp\/v2\/pages\/3765\/revisions"}],"predecessor-version":[{"id":7371,"href":"https:\/\/actingcoach.de\/index.php\/wp-json\/wp\/v2\/pages\/3765\/revisions\/7371"}],"wp:attachment":[{"href":"https:\/\/actingcoach.de\/index.php\/wp-json\/wp\/v2\/media?parent=3765"}],"curies":[{"name":"wp","href":"https:\/\/api.w.org\/{rel}","templated":true}]}}