{"id":1389,"date":"2024-05-13T15:05:32","date_gmt":"2024-05-13T13:05:32","guid":{"rendered":"http:\/\/test.kriesi.at\/enfold-2017\/?page_id=1389"},"modified":"2026-03-22T23:46:02","modified_gmt":"2026-03-22T22:46:02","slug":"professionelle-showreel-produktion-in-hamburg-fuer-dich","status":"publish","type":"page","link":"https:\/\/actingcoach.de\/index.php\/professionelle-showreel-produktion-in-hamburg-fuer-dich\/","title":{"rendered":"Professionelle Showreel\u2011Produktion in Hamburg"},"content":{"rendered":"\n<h4 class=\"wp-block-heading\"><span style=\"color: #808080;\">St\u00e4rke deine Pr\u00e4senz vor der Kamera und erstelle ein \u00fcberzeugendes Demoband f\u00fcr Castings, Agenturen und Filmprojekte.<\/span><\/h4>\n\n\n\n<hr class=\"wp-block-separator has-alpha-channel-opacity\"\/>\n\n\n\n<p class=\"p1\">Ein <strong>Showreel<\/strong> (auch <em>Demoband<\/em> genannt) ist die <strong>visuelle Visitenkarte eines Schauspielers<\/strong>: eine kompakte Zusammenstellung deiner st\u00e4rksten Spielszenen, die deine Pr\u00e4senz, Vielseitigkeit und Ausdruckskraft vor der Kamera zeigt\u202f\u2013 und oft dar\u00fcber entscheidet, ob du zu einem <strong>Casting, Vorsprechen oder Agenturgespr\u00e4ch eingeladen wirst<\/strong>. Ein starkes Showreel kann deine Chancen auf Rollen und Engagements deutlich verbessern, weil Casting\u2011Professionals in wenigen Sekunden erkennen, was du kannst und wof\u00fcr du stehst.<\/p>\n\n\n\n<h5 class=\"wp-block-heading\"><span style=\"color: #808080;\">.<\/span><\/h5>\n\n\n\n<p><span style=\"color: #ff9900;\">Unsere Workshops \u2013 Mehr als 100 Showreels und unz\u00e4hlige Erfolgsgeschichten<\/span><\/p>\n\n\n\n<p class=\"p1\"><span style=\"color: #808080;\">In unseren intensiven Schauspiel-Workshops lege ich gro\u00dfen Wert auf praxisnahe Erfahrungen. \u00dcber 100 Showreels, die direkt in unseren Kursen gedreht wurden, sprechen f\u00fcr sich: Unsere Teilnehmer verlassen die Workshops nicht nur mit neuem Wissen und erweiterten F\u00e4higkeiten, sondern auch mit professionell produzierten Showreels, die ihre individuellen Talente und St\u00e4rken perfekt in Szene setzen.<\/span><\/p>\n\n\n\n<p class=\"p1\"><span style=\"color: #808080;\">Diese Showreels sind mehr als nur \u00dcbungsmaterial \u2013 sie sind ein wichtiges Werkzeug, um in der Film- und Fernsehbranche Fu\u00df zu fassen. Jedes Showreel wird mit h\u00f6chster Sorgfalt und nach professionellen Standards produziert, sodass es als Aush\u00e4ngeschild f\u00fcr die Karriere unserer Teilnehmer dienen kann.<\/span><\/p>\n\n\n\n<p class=\"p1\"><span style=\"color: #808080;\">Egal, ob Anf\u00e4nger oder Fortgeschrittene: Unsere Workshops bieten f\u00fcr jeden die M\u00f6glichkeit, sich weiterzuentwickeln und wertvolle praktische Erfahrungen zu sammeln. Begleitet von einem erfahrenen Coach und unter realen Drehbedingungen entstehen in unseren Kursen Showreels, die echte Chancen in der Film- und Fernsehbranche er\u00f6ffnen.<\/span><\/p>\n\n\n\n<h3 class=\"wp-block-heading\"><\/h3>\n\n\n<div  class='avia-video av-lwqkse1f-9b89241983968e9e9ee72ef7404a640c avia-video-16-9 av-no-preview-image avia-video-load-always av-lazyload-immediate av-lazyload-video-embed'  itemprop=\"video\" itemtype=\"https:\/\/schema.org\/VideoObject\"  data-original_url='https:\/\/vimeo.com\/119858648?share=copy'><script type='text\/html' class='av-video-tmpl'><div class='avia-iframe-wrap'><iframe loading=\"lazy\" title=\"Jannik Scharmweber  Showreel\" src=\"https:\/\/player.vimeo.com\/video\/119858648?dnt=1&amp;app_id=122963&autoplay=0&loop=0&controls=1&muted=0\" width=\"1500\" height=\"844\" frameborder=\"0\" allow=\"autoplay; fullscreen; picture-in-picture; clipboard-write; encrypted-media; web-share\" referrerpolicy=\"strict-origin-when-cross-origin\"><\/iframe><\/div><\/script><div class='av-click-to-play-overlay'><div class=\"avia_playpause_icon\"><\/div><\/div><\/div>\n\n\n<div  class='avia-video av-lwqkp9kb-76dc0e57c6b02e6201841b9280b1cb95 avia-video-16-9 av-no-preview-image avia-video-load-always av-lazyload-immediate av-lazyload-video-embed'  itemprop=\"video\" itemtype=\"https:\/\/schema.org\/VideoObject\"  data-original_url='https:\/\/vimeo.com\/29088061?share=copy'><script type='text\/html' class='av-video-tmpl'><div class='avia-iframe-wrap'><iframe loading=\"lazy\" title=\"Abschied\" src=\"https:\/\/player.vimeo.com\/video\/29088061?dnt=1&amp;app_id=122963&autoplay=0&loop=0&controls=1&muted=0\" width=\"1280\" height=\"720\" frameborder=\"0\" allow=\"autoplay; fullscreen; picture-in-picture; clipboard-write; encrypted-media; web-share\" referrerpolicy=\"strict-origin-when-cross-origin\"><\/iframe><\/div><\/script><div class='av-click-to-play-overlay'><div class=\"avia_playpause_icon\"><\/div><\/div><\/div>\n\n\n<div  class='avia-video av-lwqlmh86-b520b98d9c0d60b63ce68df6d396ab9b avia-video-16-9 av-no-preview-image avia-video-load-always av-lazyload-immediate av-lazyload-video-embed'  itemprop=\"video\" itemtype=\"https:\/\/schema.org\/VideoObject\"  data-original_url='https:\/\/vimeo.com\/33552296?share=copy'><script type='text\/html' class='av-video-tmpl'><div class='avia-iframe-wrap'><iframe loading=\"lazy\" src=\"https:\/\/player.vimeo.com\/video\/33552296?dnt=1&amp;app_id=122963&autoplay=0&loop=0&controls=1&muted=0\" width=\"1280\" height=\"720\" frameborder=\"0\" allow=\"autoplay; fullscreen; picture-in-picture; clipboard-write; encrypted-media; web-share\" referrerpolicy=\"strict-origin-when-cross-origin\"><\/iframe><\/div><\/script><div class='av-click-to-play-overlay'><div class=\"avia_playpause_icon\"><\/div><\/div><\/div>\n\n\n<div  class='avia-video av-lwqktuw2-d7852a39aab688e512742808f4e606b5 avia-video-16-9 av-no-preview-image avia-video-load-always av-lazyload-immediate av-lazyload-video-embed'  itemprop=\"video\" itemtype=\"https:\/\/schema.org\/VideoObject\"  data-original_url='https:\/\/vimeo.com\/32630217?share=copy'><script type='text\/html' class='av-video-tmpl'><div class='avia-iframe-wrap'><iframe loading=\"lazy\" src=\"https:\/\/player.vimeo.com\/video\/32630217?dnt=1&amp;app_id=122963&autoplay=0&loop=0&controls=1&muted=0\" width=\"1280\" height=\"720\" frameborder=\"0\" allow=\"autoplay; fullscreen; picture-in-picture; clipboard-write; encrypted-media; web-share\" referrerpolicy=\"strict-origin-when-cross-origin\"><\/iframe><\/div><\/script><div class='av-click-to-play-overlay'><div class=\"avia_playpause_icon\"><\/div><\/div><\/div>\n\n\n<div  class='avia-video av-lwql3yl3-49361f41d4eb66b16f910d9e9791d0ff avia-video-16-9 av-no-preview-image avia-video-load-always av-lazyload-immediate av-lazyload-video-embed'  itemprop=\"video\" itemtype=\"https:\/\/schema.org\/VideoObject\"  data-original_url='https:\/\/vimeo.com\/229837851?share=copy'><script type='text\/html' class='av-video-tmpl'><div class='avia-iframe-wrap'><iframe loading=\"lazy\" title=\"Astro\" src=\"https:\/\/player.vimeo.com\/video\/229837851?dnt=1&amp;app_id=122963&autoplay=0&loop=0&controls=1&muted=0\" width=\"1500\" height=\"844\" frameborder=\"0\" allow=\"autoplay; fullscreen; picture-in-picture; clipboard-write; encrypted-media; web-share\" referrerpolicy=\"strict-origin-when-cross-origin\"><\/iframe><\/div><\/script><div class='av-click-to-play-overlay'><div class=\"avia_playpause_icon\"><\/div><\/div><\/div>\n\n\n<div  class='avia-video av-lwqlotc6-df039c6d69d4cff331b9a0d564ac8c72 avia-video-16-9 av-no-preview-image avia-video-load-always av-lazyload-immediate av-lazyload-video-embed'  itemprop=\"video\" itemtype=\"https:\/\/schema.org\/VideoObject\"  data-original_url='https:\/\/vimeo.com\/83781614?share=copy'><script type='text\/html' class='av-video-tmpl'><div class='avia-iframe-wrap'><iframe loading=\"lazy\" src=\"https:\/\/player.vimeo.com\/video\/83781614?dnt=1&amp;app_id=122963&autoplay=0&loop=0&controls=1&muted=0\" width=\"1500\" height=\"844\" frameborder=\"0\" allow=\"autoplay; fullscreen; picture-in-picture; clipboard-write; encrypted-media; web-share\" referrerpolicy=\"strict-origin-when-cross-origin\"><\/iframe><\/div><\/script><div class='av-click-to-play-overlay'><div class=\"avia_playpause_icon\"><\/div><\/div><\/div>\n\n\n\n<h3 class=\"wp-block-heading\"><span style=\"color: #808080;\">Professionelle Showreel-Produktion in Hamburg f\u00fcr dich<\/span><\/h3>\n\n\n\n<p><span style=\"color: #808080;\">Das actingcoach.studio bietet Schauspielern eine umfassende Dienstleistungspalette, die \u00fcber die klassische Showreel-Produktion hinausgeht. Hier erhalten Schauspieler nicht nur ein professionell produziertes Showreel, sondern auch intensives Coaching und spezifisches Training im Camera Acting, um ihr Spiel vor der Kamera zu optimieren.<\/span><\/p>\n\n\n\n<hr class=\"wp-block-separator has-alpha-channel-opacity\"\/>\n\n\n\n<h5 class=\"wp-block-heading\"><span style=\"color: #808080;\">Was bietet actingcoach?<\/span><\/h5>\n\n\n\n<hr class=\"wp-block-separator has-alpha-channel-opacity\"\/>\n\n\n\n<h2 class=\"wp-block-heading\"><span style=\"color: #808080;\">Individuelles Coaching:<\/span><\/h2>\n\n\n\n<p><span style=\"color: #808080;\">Vor der eigentlichen Produktion des Showreels bietet das Studio ma\u00dfgeschneiderte Coachings an, die gezielt auf die St\u00e4rken und Schw\u00e4chen des Schauspielers eingehen. Diese Proben helfen den Schauspielern, ihre Rollen besser zu verstehen und ihre Darbietungen zu verfeinern.<\/span><\/p>\n\n\n\n<h2 class=\"wp-block-heading\"><span style=\"color: #808080;\">Camera Acting Training:<\/span><\/h2>\n\n\n\n<p><span style=\"color: #808080;\">Ein wesentlicher Bestandteil des Angebots ist das Camera Acting Training. Hier lernen die Schauspieler, wie sie vor der Kamera am besten wirken, welche Techniken sie einsetzen k\u00f6nnen, um ihre Pr\u00e4senz zu steigern, und wie sie emotionale Tiefe auch in Nahaufnahmen transportieren.<\/span><br><span style=\"color: #808080;\"> Professionelle Showreel-Produktion<\/span><br><span style=\"color: #808080;\"> Das Studio \u00fcbernimmt die gesamte Produktion des Showreels, von der Auswahl der Szenen bis zur Nachbearbeitung. Die Dreharbeiten werden mit modernster Technik durchgef\u00fchrt, um sicherzustellen, dass die Schauspieler in der bestm\u00f6glichen Qualit\u00e4t pr\u00e4sentiert werden.<\/span><\/p>\n\n\n\n<h2 class=\"wp-block-heading\"><span style=\"color: #808080;\">Kreative Beratung:<\/span><\/h2>\n\n\n\n<p><span style=\"color: #808080;\">Schauspieler erhalten w\u00e4hrend des gesamten Prozesses eine enge Betreuung und Beratung. Dies umfasst die Auswahl der geeigneten Szenen, das Verst\u00e4ndnis der Charaktere und die Inszenierung, die ihre F\u00e4higkeiten und Vielseitigkeit am besten zur Geltung bringt.<\/span><br><span style=\"color: #808080;\"> Warum actingcoach.w\u00e4hlen?<\/span><br><span style=\"color: #808080;\"> Das actingcoach.studio ist ideal f\u00fcr Schauspieler, die ein hochwertiges Showreel ben\u00f6tigen und gleichzeitig ihre F\u00e4higkeiten vor der Kamera weiterentwickeln m\u00f6chten.<\/span><\/p>\n\n\n\n<p class=\"p1\"><span style=\"color: #808080;\">Mit \u00fcber 26 Jahren Erfahrung in professionellem Schauspielcoaching und einer tiefen Kenntnis der Film- und Theaterbranche biete ich&nbsp;eine umfassende Unterst\u00fctzung, die weit \u00fcber eine einfache Videoproduktion hinausgeht. Schauspieler profitieren von einer intensiven Betreuung und ma\u00dfgeschneiderten Trainings, die sowohl ihre darstellerischen F\u00e4higkeiten als auch ihre Pr\u00e4senz vor der Kamera auf ein neues Niveau heben. Das Studio kombiniert fundiertes Coaching mit professioneller Showreel-Produktion, um Schauspielern zu helfen, sich in der Branche erfolgreich zu positionieren.<\/span><\/p>\n\n\n\n<p class=\"has-text-align-center p1\"><a href=\"https:\/\/vimeo.com\/actingcoach\" data-type=\"link\" data-id=\"https:\/\/vimeo.com\/actingcoach\" rel=\"nofollow noopener\" target=\"_blank\"><strong>Alle Showreels auf Vimeo<\/strong><\/a><\/p>\n","protected":false},"excerpt":{"rendered":"<p>Professionelle Showreel-Produktion in Hamburg \u2013 F\u00fcr Schauspieler ist ein hochwertiges Showreel der Schl\u00fcssel zum Erfolg in der Film- und Fernsehbranche. Mit \u00fcber 40 Jahren Erfahrung in der Arbeit mit den wichtigsten Schauspieltechniken (Stanislavski, Method Acting, Meisner und Chekhov) biete ich ma\u00dfgeschneiderte Showreel-Produktionen an, die dein Talent optimal pr\u00e4sentieren. Ob f\u00fcr Casting, Agenturen oder Filmprojekte \u2013 ein professionell erstelltes Showreel macht den Unterschied. Setze auf Erfahrung und Qualit\u00e4t, um dich in der Schauspielbranche erfolgreich zu positionieren.<\/p>\n","protected":false},"author":1,"featured_media":3176,"parent":0,"menu_order":0,"comment_status":"closed","ping_status":"closed","template":"","meta":{"_acf_changed":false,"_price":"","_stock":"","_tribe_ticket_header":"","_tribe_default_ticket_provider":"","_tribe_ticket_capacity":"0","_ticket_start_date":"","_ticket_end_date":"","_tribe_ticket_show_description":"","_tribe_ticket_show_not_going":false,"_tribe_ticket_use_global_stock":"","_tribe_ticket_global_stock_level":"","_global_stock_mode":"","_global_stock_cap":"","_tribe_rsvp_for_event":"","_tribe_ticket_going_count":"","_tribe_ticket_not_going_count":"","_tribe_tickets_list":"[]","_tribe_ticket_has_attendee_info_fields":false,"footnotes":"","_tec_slr_enabled":"","_tec_slr_layout":""},"class_list":["post-1389","page","type-page","status-publish","has-post-thumbnail","hentry"],"acf":[],"amp_enabled":true,"ticketed":false,"_links":{"self":[{"href":"https:\/\/actingcoach.de\/index.php\/wp-json\/wp\/v2\/pages\/1389","targetHints":{"allow":["GET"]}}],"collection":[{"href":"https:\/\/actingcoach.de\/index.php\/wp-json\/wp\/v2\/pages"}],"about":[{"href":"https:\/\/actingcoach.de\/index.php\/wp-json\/wp\/v2\/types\/page"}],"author":[{"embeddable":true,"href":"https:\/\/actingcoach.de\/index.php\/wp-json\/wp\/v2\/users\/1"}],"replies":[{"embeddable":true,"href":"https:\/\/actingcoach.de\/index.php\/wp-json\/wp\/v2\/comments?post=1389"}],"version-history":[{"count":26,"href":"https:\/\/actingcoach.de\/index.php\/wp-json\/wp\/v2\/pages\/1389\/revisions"}],"predecessor-version":[{"id":7348,"href":"https:\/\/actingcoach.de\/index.php\/wp-json\/wp\/v2\/pages\/1389\/revisions\/7348"}],"wp:featuredmedia":[{"embeddable":true,"href":"https:\/\/actingcoach.de\/index.php\/wp-json\/wp\/v2\/media\/3176"}],"wp:attachment":[{"href":"https:\/\/actingcoach.de\/index.php\/wp-json\/wp\/v2\/media?parent=1389"}],"curies":[{"name":"wp","href":"https:\/\/api.w.org\/{rel}","templated":true}]}}